{"id":501,"date":"2024-09-28T06:40:19","date_gmt":"2024-09-28T06:40:19","guid":{"rendered":"https:\/\/seabookings.com"},"modified":"2024-11-13T15:04:56","modified_gmt":"2024-11-13T15:04:56","slug":"mtos","status":"publish","type":"page","link":"https:\/\/www.seabookings.com\/pt\/mtos\/","title":{"rendered":"Termos de Servi\u00e7o da SeaBookings para Empresas"},"content":{"rendered":"<p>\u00daltima atualiza\u00e7\u00e3o: novembro de 2024<\/p>\n\n\n\n<h2 class=\"wp-block-heading\">1. Introdu\u00e7\u00e3o<\/h2>\n\n\n\n<p>SeaBookings \u00e9 um diret\u00f3rio online de experi\u00eancias mar\u00edtimas e dos seus fornecedores. Estes Termos de Servi\u00e7o para MTOs (Maritime Tour Operators) aplicam-se aos contratos entre a SeaBookings e os fornecedores de passeios e actividades - os MTOs.&nbsp;<\/p>\n\n\n\n<p>Os termos \"n\u00f3s\", \"nos\", \"nosso\" e \"SeaBookings.com\" referem-se \u00e0 SEABOOKINGS, UNIPESSOAL LDA, uma empresa portuguesa. Os termos \"voc\u00ea\", \"Tour Provider\" e \"MTO\" referem-se aos MTOs que listam os seus servi\u00e7os na SeaBookings.com.<\/p>\n\n\n\n<p>Ao utilizar os servi\u00e7os da SeaBookings ou ao fornecer-nos informa\u00e7\u00f5es, os MTOs concordam com os Termos de Servi\u00e7o do presente Acordo. Por favor, leia o Acordo com aten\u00e7\u00e3o. Se n\u00e3o concordar, por favor n\u00e3o utilize o servi\u00e7o.<\/p>\n\n\n\n<h2 class=\"wp-block-heading\">2. Ofertas dispon\u00edveis<\/h2>\n\n\n\n<p>Oferecemos duas op\u00e7\u00f5es para incluir a sua empresa no nosso diret\u00f3rio:<\/p>\n\n\n\n<ul class=\"wp-block-list\">\n<li><strong>Perfil da empresa<\/strong>: Criamos uma p\u00e1gina dedicada \u00e0 sua empresa, incluindo todas as informa\u00e7\u00f5es relevantes, tais como dados de contacto, localiza\u00e7\u00e3o da sede, fotografias, cr\u00edticas e classifica\u00e7\u00f5es, bem como liga\u00e7\u00f5es \u00e0s suas redes sociais. Tamb\u00e9m \u00e9 fornecida uma liga\u00e7\u00e3o direta ao seu s\u00edtio Web. Este servi\u00e7o custa <strong>199 euros por ano<\/strong> (sem IVA).<\/li>\n\n\n\n<li><strong>Impulsionar as experi\u00eancias<\/strong>: Cada uma das suas experi\u00eancias listadas na SeaBookings ter\u00e1 um link direto para o seu site, aumentando as suas vendas diretas e poupando nas taxas de comiss\u00e3o. Para al\u00e9m disso, melhora o SEO do seu site atrav\u00e9s de backlinks de alta qualidade. Este servi\u00e7o custa <strong>149 euros por ano<\/strong> por experi\u00eancia (sem IVA).<\/li>\n<\/ul>\n\n\n\n<h2 class=\"wp-block-heading\">3. Presta\u00e7\u00f5es de servi\u00e7os<\/h2>\n\n\n\n<p>Ao figurar na nossa lista, o utilizador beneficia de:<\/p>\n\n\n\n<ul class=\"wp-block-list\">\n<li>Aumento das vendas diretas atrav\u00e9s do redireccionamento dos visitantes para o seu s\u00edtio Web.<\/li>\n\n\n\n<li>Poupan\u00e7a nas taxas de comiss\u00e3o das plataformas de reserva.<\/li>\n\n\n\n<li>SEO melhorado para o seu s\u00edtio web atrav\u00e9s de backlinks de qualidade.<\/li>\n<\/ul>\n\n\n\n<h2 class=\"wp-block-heading\">4. Pagamento e IVA<\/h2>\n\n\n\n<p>A todos os pre\u00e7os ser\u00e1 acrescentado o IVA \u00e0 taxa legal em vigor. Os pagamentos s\u00e3o anuais e devem ser efectuados antes do in\u00edcio do servi\u00e7o. Ser\u00e1 emitida uma fatura logo ap\u00f3s a conclus\u00e3o do pagamento.<\/p>\n\n\n\n<h2 class=\"wp-block-heading\">5. Redireccionamento de experi\u00eancias n\u00e3o potenciadas<\/h2>\n\n\n\n<p>Experi\u00eancias que n\u00e3o optaram pelo <strong>Impulsionar as experi\u00eancias<\/strong> ser\u00e1 redireccionado para a experi\u00eancia correspondente em <strong>Obter o seu guia<\/strong>. Assim que o utilizador for redireccionado, aplicam-se os Termos de Servi\u00e7o da GetYourGuide.<br>Se uma experi\u00eancia n\u00e3o potenciada n\u00e3o tiver uma listagem correspondente no GetYourGuide, ser\u00e1 arquivada.<\/p>\n\n\n\n<h2 class=\"wp-block-heading\">6. Divulga\u00e7\u00e3o de liga\u00e7\u00f5es de afiliados<\/h2>\n\n\n\n<p>No nosso diret\u00f3rio, inclu\u00edmos links de afiliados para plataformas de terceiros, como a GetYourGuide. Se os utilizadores clicarem nestas liga\u00e7\u00f5es e fizerem uma reserva, poderemos receber uma comiss\u00e3o sem custos adicionais para o utilizador ou para o fornecedor tur\u00edstico local. Isto n\u00e3o influencia a inclus\u00e3o das suas experi\u00eancias no nosso diret\u00f3rio e mantemo-nos imparciais na apresenta\u00e7\u00e3o dos servi\u00e7os. Ao listar as suas experi\u00eancias connosco, reconhece que as suas experi\u00eancias n\u00e3o impulsionadas podem ser redireccionadas para plataformas de afiliados de terceiros, sujeitas aos seus termos e condi\u00e7\u00f5es.<\/p>\n\n\n\n<h2 class=\"wp-block-heading\">7. Tradu\u00e7\u00f5es<\/h2>\n\n\n\n<p>Todas as tradu\u00e7\u00f5es fornecidas na nossa plataforma s\u00e3o facilitadas por um servi\u00e7o externo alimentado por IA. Embora nos esforcemos por garantir a exatid\u00e3o, n\u00e3o garantimos tradu\u00e7\u00f5es isentas de erros e os fornecedores de viagens devem verificar detalhes importantes, se necess\u00e1rio.<\/p>\n\n\n\n<h2 class=\"wp-block-heading\">8. Coment\u00e1rios<\/h2>\n\n\n\n<p>As avalia\u00e7\u00f5es apresentadas na nossa plataforma podem ser obtidas a partir de v\u00e1rias plataformas, incluindo Google Business, Get Your Guide e Viator, para fornecer uma vis\u00e3o global da experi\u00eancia do cliente.<\/p>\n\n\n\n<h2 class=\"wp-block-heading\">9. Cancelamentos e reembolsos<\/h2>\n\n\n\n<p>Pode cancelar o seu perfil MT ou o servi\u00e7o Boost for Experiences em qualquer altura, mas n\u00e3o ser\u00e1 efectuado qualquer reembolso ap\u00f3s o in\u00edcio do servi\u00e7o. Se n\u00e3o estiver satisfeito, contacte-nos para discutir a situa\u00e7\u00e3o.<\/p>\n\n\n\n<h2 class=\"wp-block-heading\">10. Responsabilidade da plataforma<\/h2>\n\n\n\n<p>O nosso diret\u00f3rio funciona como uma plataforma de listagem de experi\u00eancias n\u00e1uticas. N\u00e3o somos respons\u00e1veis pela gest\u00e3o de reservas, pagamentos ou quaisquer lit\u00edgios entre os utilizadores e as empresas listadas. O nosso papel \u00e9 fornecer uma ferramenta que ligue os consumidores \u00e0s empresas.<\/p>\n\n\n\n<h2 class=\"wp-block-heading\">11. Obriga\u00e7\u00f5es do utilizador<\/h2>\n\n\n\n<p>As empresas inscritas s\u00e3o respons\u00e1veis por garantir que as informa\u00e7\u00f5es fornecidas na lista s\u00e3o exactas e actualizadas. Qualquer tentativa de fornecer informa\u00e7\u00f5es enganosas pode resultar na suspens\u00e3o ou elimina\u00e7\u00e3o da listagem.<\/p>\n\n\n\n<h2 class=\"wp-block-heading\">12. Conte\u00fado apresentado<\/h2>\n\n\n\n<p>As empresas listadas concedem \u00e0 SeaBookings um direito n\u00e3o-exclusivo, isento de royalties e mundial de:<\/p>\n\n\n\n<ol class=\"wp-block-list\">\n<li>Utilizar, reproduzir, distribuir, sublicenciar, exibir e utilizar (incluindo, sem limita\u00e7\u00e3o, modificar, adaptar, copiar, traduzir e disponibilizar ao p\u00fablico, seja de que forma for) o conte\u00fado fornecido, como informa\u00e7\u00f5es sobre actividades e imagens;<\/li>\n\n\n\n<li>A SeaBookings pode oferecer este conte\u00fado em colabora\u00e7\u00e3o com empresas afiliadas e\/ou terceiros;<\/li>\n\n\n\n<li>Em caso algum a SeaBookings ser\u00e1 respons\u00e1vel perante o MTO por quaisquer actos ou omiss\u00f5es por parte de plataformas de terceiros. A \u00fanica solu\u00e7\u00e3o consistir\u00e1 em solicitar \u00e0 SeaBookings (que tem o direito e n\u00e3o a obriga\u00e7\u00e3o) que se desligue dessa plataforma de terceiros.<\/li>\n<\/ol>\n\n\n\n<h2 class=\"wp-block-heading\">13. Eventos personalizados no mar<\/h2>\n\n\n\n<p>Para al\u00e9m do Diret\u00f3rio, fornecemos um servi\u00e7o de reservas para eventos de grupo em barcos, incluindo casamentos, despedidas de solteiro, anivers\u00e1rios e eventos de networking. Colaboramos com parceiros selecionados, incluindo operadores de barcos e prestadores de servi\u00e7os (fornecedores de refei\u00e7\u00f5es, m\u00fasicos, fot\u00f3grafos), para oferecer uma experi\u00eancia de reserva perfeita para estes eventos. As condi\u00e7\u00f5es s\u00e3o as seguintes:<\/p>\n\n\n\n<ol class=\"wp-block-list\">\n<li>Papel e responsabilidades Actuamos como intermedi\u00e1rios entre os clientes e os operadores tur\u00edsticos. A nossa principal fun\u00e7\u00e3o \u00e9 gerir o processo de reserva e facilitar a comunica\u00e7\u00e3o entre o cliente e o fornecedor. O prestador de servi\u00e7os tur\u00edsticos \u00e9 respons\u00e1vel pela presta\u00e7\u00e3o dos servi\u00e7os e por garantir o cumprimento da regulamenta\u00e7\u00e3o local.<\/li>\n\n\n\n<li>Responsabilidades do fornecedor da excurs\u00e3o: O fornecimento do barco e quaisquer servi\u00e7os adicionais oferecidos, tais como catering, m\u00fasica ao vivo ou fotografia. Cumprimento de todas as leis locais, incluindo registo e licen\u00e7as de turismo. Fornecer cobertura de seguro adequada para seus servi\u00e7os e equipamentos. Gerir todas as responsabilidades relacionadas com o evento, incluindo quest\u00f5es legais e de seguran\u00e7a.<\/li>\n\n\n\n<li>Pol\u00edticas de cancelamento e de reembolso: O operador tur\u00edstico define as pol\u00edticas de cancelamento e de reembolso. Estas pol\u00edticas devem ser claramente comunicadas a n\u00f3s e ao cliente no momento da reserva. O cliente ficar\u00e1 vinculado a estas condi\u00e7\u00f5es e n\u00f3s facilitaremos todas as comunica\u00e7\u00f5es relativas a cancelamentos ou reembolsos.<\/li>\n\n\n\n<li>Responsabilidade: A SeaBookings n\u00e3o assume qualquer responsabilidade pela presta\u00e7\u00e3o efectiva dos servi\u00e7os. Todas as reclama\u00e7\u00f5es, disputas ou quest\u00f5es legais decorrentes do evento devem ser dirigidas ao fornecedor da excurs\u00e3o. O fornecedor da excurs\u00e3o concorda em indemnizar e isentar a SeaBookings de quaisquer reclama\u00e7\u00f5es ou responsabilidades relacionadas com o evento.<\/li>\n\n\n\n<li>Seguro e conformidade legal: Os prestadores de servi\u00e7os tur\u00edsticos devem ter uma cobertura de seguro adequada para as suas actividades, incluindo um seguro de responsabilidade civil para eventuais incidentes durante o evento. Os fornecedores tamb\u00e9m s\u00e3o respons\u00e1veis por garantir que seus servi\u00e7os estejam em conformidade com as leis e regulamentos locais.<\/li>\n\n\n\n<li>Rela\u00e7\u00e3o com os clientes: Enquanto n\u00f3s gerimos o processo de reserva e comunica\u00e7\u00e3o, o fornecedor da excurs\u00e3o \u00e9 respons\u00e1vel pelo cumprimento dos servi\u00e7os acordados com o cliente. Quaisquer pedidos ou altera\u00e7\u00f5es espec\u00edficas do cliente devem ser geridos diretamente com o cliente e comunicados a n\u00f3s.<\/li>\n<\/ol>\n\n\n\n<h2 class=\"wp-block-heading\">14. Marketing e publicidade<\/h2>\n\n\n\n<p>A SeaBookings tem o direito de promover os servi\u00e7os dos MTOs no marketing online, incluindo o marketing por correio eletr\u00f3nico e\/ou a publicidade PPC. Fica ao crit\u00e9rio exclusivo da SeaBookings a forma de publicitar os servi\u00e7os dos MTO no seu site ou em sites de terceiros e em redes de afiliados online.<\/p>\n\n\n\n<h2 class=\"wp-block-heading\">15. Utiliza\u00e7\u00e3o de dados para fins de marketing<\/h2>\n\n\n\n<p>A SeaBookings utiliza os dados dos MTOs para actividades de marketing, como o envio de e-mails e actualiza\u00e7\u00f5es.<\/p>\n\n\n\n<p>Pretendemos obter a seguinte declara\u00e7\u00e3o de consentimento: Aceito que todos os meses a SeaBookings me envie por correio eletr\u00f3nico informa\u00e7\u00f5es \u00fateis sobre a ind\u00fastria do turismo mar\u00edtimo. Pode revogar este consentimento com a SeaBookings em qualquer altura. Para tal, basta enviar um e-mail para: support@seabookings.com.<\/p>\n\n\n\n<h2 class=\"wp-block-heading\">16. Limita\u00e7\u00e3o da responsabilidade<\/h2>\n\n\n\n<p>N\u00e3o nos responsabilizamos por quaisquer perdas, danos ou preju\u00edzos resultantes da utiliza\u00e7\u00e3o do nosso servi\u00e7o ou de informa\u00e7\u00f5es fornecidas por terceiros. Ao utilizar o nosso diret\u00f3rio, o utilizador aceita estes riscos.<\/p>\n\n\n\n<h2 class=\"wp-block-heading\">17. Altera\u00e7\u00f5es aos Termos de Servi\u00e7o<\/h2>\n\n\n\n<p>Reservamo-nos o direito de alterar estes Termos de Servi\u00e7o em qualquer altura. As altera\u00e7\u00f5es ser\u00e3o comunicadas por correio eletr\u00f3nico e entrar\u00e3o em vigor 30 dias ap\u00f3s a notifica\u00e7\u00e3o.<\/p>\n\n\n\n<h2 class=\"wp-block-heading\">18. Contacto<\/h2>\n\n\n\n<p>Se tiver alguma d\u00favida sobre estes Termos de Servi\u00e7o, contacte-nos atrav\u00e9s do e-mail ou do n\u00famero de telefone dispon\u00edvel no nosso s\u00edtio Web.<\/p>","protected":false},"excerpt":{"rendered":"<p>Last updated: November 2024 1. Introduction SeaBookings is an online directory of sea experiences and its providers. These Terms of Service for MTOs (Maritime Tour Operators) apply to the contracts between SeaBookings and the suppliers of tours and activities &#8211; the MTOs.&nbsp; The terms \u201cwe\u201d, \u201cus\u201d, \u201cour\u201d and \u201cSeaBookings.com\u201d refer to SEABOOKINGS, UNIPESSOAL LDA, a [&hellip;]<\/p>\n","protected":false},"author":1,"featured_media":0,"parent":0,"menu_order":0,"comment_status":"closed","ping_status":"closed","template":"","meta":{"_acf_changed":false,"footnotes":""},"destination":[],"class_list":["post-501","page","type-page","status-publish","hentry"],"acf":[],"yoast_head":"<!-- This site is optimized with the Yoast SEO Premium plugin v27.3 (Yoast SEO v27.3) - https:\/\/yoast.com\/product\/yoast-seo-premium-wordpress\/ -->\n<title>SeaBookings Terms of Service for Businesses - SeaBookings<\/title>\n<meta name=\"robots\" content=\"index, follow, max-snippet:-1, max-image-preview:large, max-video-preview:-1\" \/>\n<link rel=\"canonical\" href=\"https:\/\/www.seabookings.com\/pt\/mtos\/\" \/>\n<meta property=\"og:locale\" content=\"pt_PT\" \/>\n<meta property=\"og:type\" content=\"article\" \/>\n<meta property=\"og:title\" content=\"SeaBookings Terms of Service for Businesses\" \/>\n<meta property=\"og:description\" content=\"Last updated: November 2024 1. Introduction SeaBookings is an online directory of sea experiences and its providers. These Terms of Service for MTOs (Maritime Tour Operators) apply to the contracts between SeaBookings and the suppliers of tours and activities &#8211; the MTOs.&nbsp; The terms \u201cwe\u201d, \u201cus\u201d, \u201cour\u201d and \u201cSeaBookings.com\u201d refer to SEABOOKINGS, UNIPESSOAL LDA, a [&hellip;]\" \/>\n<meta property=\"og:url\" content=\"https:\/\/www.seabookings.com\/pt\/mtos\/\" \/>\n<meta property=\"og:site_name\" content=\"SeaBookings\" \/>\n<meta property=\"article:publisher\" content=\"https:\/\/www.facebook.com\/seabookings\" \/>\n<meta property=\"article:modified_time\" content=\"2024-11-13T15:04:56+00:00\" \/>\n<meta property=\"og:image\" content=\"https:\/\/www.seabookings.com\/wp-content\/uploads\/2024\/11\/facebook_cover_720.webp\" \/>\n\t<meta property=\"og:image:width\" content=\"720\" \/>\n\t<meta property=\"og:image:height\" content=\"274\" \/>\n\t<meta property=\"og:image:type\" content=\"image\/webp\" \/>\n<meta name=\"twitter:card\" content=\"summary_large_image\" \/>\n<meta name=\"twitter:site\" content=\"@seabookings\" \/>\n<meta name=\"twitter:label1\" content=\"Est. reading time\" \/>\n\t<meta name=\"twitter:data1\" content=\"6 minutes\" \/>\n<script type=\"application\/ld+json\" class=\"yoast-schema-graph\">{\"@context\":\"https:\\\/\\\/schema.org\",\"@graph\":[{\"@type\":\"WebPage\",\"@id\":\"https:\\\/\\\/www.seabookings.com\\\/mtos\\\/\",\"url\":\"https:\\\/\\\/www.seabookings.com\\\/mtos\\\/\",\"name\":\"SeaBookings Terms of Service for Businesses - SeaBookings\",\"isPartOf\":{\"@id\":\"https:\\\/\\\/www.seabookings.com\\\/de\\\/#website\"},\"datePublished\":\"2024-09-28T06:40:19+00:00\",\"dateModified\":\"2024-11-13T15:04:56+00:00\",\"breadcrumb\":{\"@id\":\"https:\\\/\\\/www.seabookings.com\\\/mtos\\\/#breadcrumb\"},\"inLanguage\":\"pt-PT\",\"potentialAction\":[{\"@type\":\"ReadAction\",\"target\":[\"https:\\\/\\\/www.seabookings.com\\\/mtos\\\/\"]}]},{\"@type\":\"BreadcrumbList\",\"@id\":\"https:\\\/\\\/www.seabookings.com\\\/mtos\\\/#breadcrumb\",\"itemListElement\":[{\"@type\":\"ListItem\",\"position\":1,\"name\":\"Home\",\"item\":\"https:\\\/\\\/www.seabookings.com\\\/nl\\\/\"},{\"@type\":\"ListItem\",\"position\":2,\"name\":\"SeaBookings Terms of Service for Businesses\"}]},{\"@type\":\"WebSite\",\"@id\":\"https:\\\/\\\/www.seabookings.com\\\/de\\\/#website\",\"url\":\"https:\\\/\\\/www.seabookings.com\\\/de\\\/\",\"name\":\"SeaBookings\",\"description\":\"Watersports &amp; Boat tours\",\"publisher\":{\"@id\":\"https:\\\/\\\/www.seabookings.com\\\/de\\\/#organization\"},\"potentialAction\":[{\"@type\":\"SearchAction\",\"target\":{\"@type\":\"EntryPoint\",\"urlTemplate\":\"https:\\\/\\\/www.seabookings.com\\\/de\\\/?s={search_term_string}\"},\"query-input\":{\"@type\":\"PropertyValueSpecification\",\"valueRequired\":true,\"valueName\":\"search_term_string\"}}],\"inLanguage\":\"pt-PT\"},{\"@type\":\"Organization\",\"@id\":\"https:\\\/\\\/www.seabookings.com\\\/de\\\/#organization\",\"name\":\"SeaBookings\",\"url\":\"https:\\\/\\\/www.seabookings.com\\\/de\\\/\",\"logo\":{\"@type\":\"ImageObject\",\"inLanguage\":\"pt-PT\",\"@id\":\"https:\\\/\\\/www.seabookings.com\\\/de\\\/#\\\/schema\\\/logo\\\/image\\\/\",\"url\":\"https:\\\/\\\/www.seabookings.com\\\/wp-content\\\/uploads\\\/seabookings_logo.svg\",\"contentUrl\":\"https:\\\/\\\/www.seabookings.com\\\/wp-content\\\/uploads\\\/seabookings_logo.svg\",\"width\":252,\"height\":43,\"caption\":\"SeaBookings\"},\"image\":{\"@id\":\"https:\\\/\\\/www.seabookings.com\\\/de\\\/#\\\/schema\\\/logo\\\/image\\\/\"},\"sameAs\":[\"https:\\\/\\\/www.facebook.com\\\/seabookings\",\"https:\\\/\\\/x.com\\\/seabookings\",\"https:\\\/\\\/www.instagram.com\\\/seabookings\\\/\",\"https:\\\/\\\/www.tiktok.com\\\/@seabookings\"],\"description\":\"SeaBookings is a unique resource to discover & compare the best watersports and boat tours.\",\"email\":\"info@seabookings.com\",\"legalName\":\"Seabookings, LDA\",\"foundingDate\":\"2014-02-14\",\"vatID\":\"PT514063068\",\"numberOfEmployees\":{\"@type\":\"QuantitativeValue\",\"minValue\":\"1\",\"maxValue\":\"10\"}}]}<\/script>\n<!-- \/ Yoast SEO Premium plugin. -->","yoast_head_json":{"title":"Termos de Servi\u00e7o da SeaBookings para Empresas - SeaBookings","robots":{"index":"index","follow":"follow","max-snippet":"max-snippet:-1","max-image-preview":"max-image-preview:large","max-video-preview":"max-video-preview:-1"},"canonical":"https:\/\/www.seabookings.com\/pt\/mtos\/","og_locale":"pt_PT","og_type":"article","og_title":"SeaBookings Terms of Service for Businesses","og_description":"Last updated: November 2024 1. Introduction SeaBookings is an online directory of sea experiences and its providers. These Terms of Service for MTOs (Maritime Tour Operators) apply to the contracts between SeaBookings and the suppliers of tours and activities &#8211; the MTOs.&nbsp; The terms \u201cwe\u201d, \u201cus\u201d, \u201cour\u201d and \u201cSeaBookings.com\u201d refer to SEABOOKINGS, UNIPESSOAL LDA, a [&hellip;]","og_url":"https:\/\/www.seabookings.com\/pt\/mtos\/","og_site_name":"SeaBookings","article_publisher":"https:\/\/www.facebook.com\/seabookings","article_modified_time":"2024-11-13T15:04:56+00:00","og_image":[{"width":720,"height":274,"url":"https:\/\/www.seabookings.com\/wp-content\/uploads\/2024\/11\/facebook_cover_720.webp","type":"image\/webp"}],"twitter_card":"summary_large_image","twitter_site":"@seabookings","twitter_misc":{"Est. reading time":"6 minutes"},"schema":{"@context":"https:\/\/schema.org","@graph":[{"@type":"WebPage","@id":"https:\/\/www.seabookings.com\/mtos\/","url":"https:\/\/www.seabookings.com\/mtos\/","name":"Termos de Servi\u00e7o da SeaBookings para Empresas - SeaBookings","isPartOf":{"@id":"https:\/\/www.seabookings.com\/de\/#website"},"datePublished":"2024-09-28T06:40:19+00:00","dateModified":"2024-11-13T15:04:56+00:00","breadcrumb":{"@id":"https:\/\/www.seabookings.com\/mtos\/#breadcrumb"},"inLanguage":"pt-PT","potentialAction":[{"@type":"ReadAction","target":["https:\/\/www.seabookings.com\/mtos\/"]}]},{"@type":"BreadcrumbList","@id":"https:\/\/www.seabookings.com\/mtos\/#breadcrumb","itemListElement":[{"@type":"ListItem","position":1,"name":"Home","item":"https:\/\/www.seabookings.com\/nl\/"},{"@type":"ListItem","position":2,"name":"SeaBookings Terms of Service for Businesses"}]},{"@type":"WebSite","@id":"https:\/\/www.seabookings.com\/de\/#website","url":"https:\/\/www.seabookings.com\/de\/","name":"Reservas mar\u00edtimas","description":"Desportos aqu\u00e1ticos e passeios de barco","publisher":{"@id":"https:\/\/www.seabookings.com\/de\/#organization"},"potentialAction":[{"@type":"SearchAction","target":{"@type":"EntryPoint","urlTemplate":"https:\/\/www.seabookings.com\/de\/?s={search_term_string}"},"query-input":{"@type":"PropertyValueSpecification","valueRequired":true,"valueName":"search_term_string"}}],"inLanguage":"pt-PT"},{"@type":"Organization","@id":"https:\/\/www.seabookings.com\/de\/#organization","name":"Reservas mar\u00edtimas","url":"https:\/\/www.seabookings.com\/de\/","logo":{"@type":"ImageObject","inLanguage":"pt-PT","@id":"https:\/\/www.seabookings.com\/de\/#\/schema\/logo\/image\/","url":"https:\/\/www.seabookings.com\/wp-content\/uploads\/seabookings_logo.svg","contentUrl":"https:\/\/www.seabookings.com\/wp-content\/uploads\/seabookings_logo.svg","width":252,"height":43,"caption":"SeaBookings"},"image":{"@id":"https:\/\/www.seabookings.com\/de\/#\/schema\/logo\/image\/"},"sameAs":["https:\/\/www.facebook.com\/seabookings","https:\/\/x.com\/seabookings","https:\/\/www.instagram.com\/seabookings\/","https:\/\/www.tiktok.com\/@seabookings"],"description":"SeaBookings \u00e9 um recurso \u00fanico para descobrir e comparar os melhores desportos aqu\u00e1ticos e passeios de barco.","email":"info@seabookings.com","legalName":"Seabookings, LDA","foundingDate":"2014-02-14","vatID":"PT514063068","numberOfEmployees":{"@type":"QuantitativeValue","minValue":"1","maxValue":"10"}}]}},"_links":{"self":[{"href":"https:\/\/www.seabookings.com\/pt\/wp-json\/wp\/v2\/pages\/501","targetHints":{"allow":["GET"]}}],"collection":[{"href":"https:\/\/www.seabookings.com\/pt\/wp-json\/wp\/v2\/pages"}],"about":[{"href":"https:\/\/www.seabookings.com\/pt\/wp-json\/wp\/v2\/types\/page"}],"author":[{"embeddable":true,"href":"https:\/\/www.seabookings.com\/pt\/wp-json\/wp\/v2\/users\/1"}],"replies":[{"embeddable":true,"href":"https:\/\/www.seabookings.com\/pt\/wp-json\/wp\/v2\/comments?post=501"}],"version-history":[{"count":2,"href":"https:\/\/www.seabookings.com\/pt\/wp-json\/wp\/v2\/pages\/501\/revisions"}],"predecessor-version":[{"id":61480,"href":"https:\/\/www.seabookings.com\/pt\/wp-json\/wp\/v2\/pages\/501\/revisions\/61480"}],"wp:attachment":[{"href":"https:\/\/www.seabookings.com\/pt\/wp-json\/wp\/v2\/media?parent=501"}],"wp:term":[{"taxonomy":"destination","embeddable":true,"href":"https:\/\/www.seabookings.com\/pt\/wp-json\/wp\/v2\/destination?post=501"}],"curies":[{"name":"wp","href":"https:\/\/api.w.org\/{rel}","templated":true}]}}