{"id":31047,"date":"2024-10-28T06:35:48","date_gmt":"2024-10-28T06:35:48","guid":{"rendered":"https:\/\/seabookings.com\/?page_id=31047"},"modified":"2024-10-28T06:35:49","modified_gmt":"2024-10-28T06:35:49","slug":"juntar-se-a-nos","status":"publish","type":"page","link":"https:\/\/www.seabookings.com\/pt\/join-us\/","title":{"rendered":"Junte-se a n\u00f3s"},"content":{"rendered":"","protected":false},"excerpt":{"rendered":"","protected":false},"author":1,"featured_media":0,"parent":0,"menu_order":0,"comment_status":"closed","ping_status":"closed","template":"","meta":{"_acf_changed":false,"footnotes":""},"destination":[],"class_list":["post-31047","page","type-page","status-publish","hentry"],"acf":[],"yoast_head":"<!-- This site is optimized with the Yoast SEO Premium plugin v27.3 (Yoast SEO v27.3) - https:\/\/yoast.com\/product\/yoast-seo-premium-wordpress\/ -->\n<title>Join Us - SeaBookings<\/title>\n<meta name=\"robots\" content=\"index, follow, max-snippet:-1, max-image-preview:large, max-video-preview:-1\" \/>\n<link rel=\"canonical\" href=\"https:\/\/www.seabookings.com\/pt\/juntar-se-a-nos\/\" \/>\n<meta property=\"og:locale\" content=\"pt_PT\" \/>\n<meta property=\"og:type\" content=\"article\" \/>\n<meta property=\"og:title\" content=\"Join Us\" \/>\n<meta property=\"og:url\" content=\"https:\/\/www.seabookings.com\/pt\/juntar-se-a-nos\/\" \/>\n<meta property=\"og:site_name\" content=\"SeaBookings\" \/>\n<meta property=\"article:publisher\" content=\"https:\/\/www.facebook.com\/seabookings\" \/>\n<meta property=\"article:modified_time\" content=\"2024-10-28T06:35:49+00:00\" \/>\n<meta property=\"og:image\" content=\"https:\/\/www.seabookings.com\/wp-content\/uploads\/2024\/11\/facebook_cover_720.webp\" \/>\n\t<meta property=\"og:image:width\" content=\"720\" \/>\n\t<meta property=\"og:image:height\" content=\"274\" \/>\n\t<meta property=\"og:image:type\" content=\"image\/webp\" \/>\n<meta name=\"twitter:card\" content=\"summary_large_image\" \/>\n<meta name=\"twitter:site\" content=\"@seabookings\" \/>\n<script type=\"application\/ld+json\" class=\"yoast-schema-graph\">{\"@context\":\"https:\\\/\\\/schema.org\",\"@graph\":[{\"@type\":\"WebPage\",\"@id\":\"https:\\\/\\\/www.seabookings.com\\\/join-us\\\/\",\"url\":\"https:\\\/\\\/www.seabookings.com\\\/join-us\\\/\",\"name\":\"Join Us - SeaBookings\",\"isPartOf\":{\"@id\":\"https:\\\/\\\/www.seabookings.com\\\/de\\\/#website\"},\"datePublished\":\"2024-10-28T06:35:48+00:00\",\"dateModified\":\"2024-10-28T06:35:49+00:00\",\"breadcrumb\":{\"@id\":\"https:\\\/\\\/www.seabookings.com\\\/join-us\\\/#breadcrumb\"},\"inLanguage\":\"pt-PT\",\"potentialAction\":[{\"@type\":\"ReadAction\",\"target\":[\"https:\\\/\\\/www.seabookings.com\\\/join-us\\\/\"]}]},{\"@type\":\"BreadcrumbList\",\"@id\":\"https:\\\/\\\/www.seabookings.com\\\/join-us\\\/#breadcrumb\",\"itemListElement\":[{\"@type\":\"ListItem\",\"position\":1,\"name\":\"Home\",\"item\":\"https:\\\/\\\/www.seabookings.com\\\/nl\\\/\"},{\"@type\":\"ListItem\",\"position\":2,\"name\":\"Join Us\"}]},{\"@type\":\"WebSite\",\"@id\":\"https:\\\/\\\/www.seabookings.com\\\/de\\\/#website\",\"url\":\"https:\\\/\\\/www.seabookings.com\\\/de\\\/\",\"name\":\"SeaBookings\",\"description\":\"Watersports &amp; Boat tours\",\"publisher\":{\"@id\":\"https:\\\/\\\/www.seabookings.com\\\/de\\\/#organization\"},\"potentialAction\":[{\"@type\":\"SearchAction\",\"target\":{\"@type\":\"EntryPoint\",\"urlTemplate\":\"https:\\\/\\\/www.seabookings.com\\\/de\\\/?s={search_term_string}\"},\"query-input\":{\"@type\":\"PropertyValueSpecification\",\"valueRequired\":true,\"valueName\":\"search_term_string\"}}],\"inLanguage\":\"pt-PT\"},{\"@type\":\"Organization\",\"@id\":\"https:\\\/\\\/www.seabookings.com\\\/de\\\/#organization\",\"name\":\"SeaBookings\",\"url\":\"https:\\\/\\\/www.seabookings.com\\\/de\\\/\",\"logo\":{\"@type\":\"ImageObject\",\"inLanguage\":\"pt-PT\",\"@id\":\"https:\\\/\\\/www.seabookings.com\\\/de\\\/#\\\/schema\\\/logo\\\/image\\\/\",\"url\":\"https:\\\/\\\/www.seabookings.com\\\/wp-content\\\/uploads\\\/seabookings_logo.svg\",\"contentUrl\":\"https:\\\/\\\/www.seabookings.com\\\/wp-content\\\/uploads\\\/seabookings_logo.svg\",\"width\":252,\"height\":43,\"caption\":\"SeaBookings\"},\"image\":{\"@id\":\"https:\\\/\\\/www.seabookings.com\\\/de\\\/#\\\/schema\\\/logo\\\/image\\\/\"},\"sameAs\":[\"https:\\\/\\\/www.facebook.com\\\/seabookings\",\"https:\\\/\\\/x.com\\\/seabookings\",\"https:\\\/\\\/www.instagram.com\\\/seabookings\\\/\",\"https:\\\/\\\/www.tiktok.com\\\/@seabookings\"],\"description\":\"SeaBookings is a unique resource to discover & compare the best watersports and boat tours.\",\"email\":\"info@seabookings.com\",\"legalName\":\"Seabookings, LDA\",\"foundingDate\":\"2014-02-14\",\"vatID\":\"PT514063068\",\"numberOfEmployees\":{\"@type\":\"QuantitativeValue\",\"minValue\":\"1\",\"maxValue\":\"10\"}}]}<\/script>\n<!-- \/ Yoast SEO Premium plugin. -->","yoast_head_json":{"title":"Junte-se a n\u00f3s - SeaBookings","robots":{"index":"index","follow":"follow","max-snippet":"max-snippet:-1","max-image-preview":"max-image-preview:large","max-video-preview":"max-video-preview:-1"},"canonical":"https:\/\/www.seabookings.com\/pt\/juntar-se-a-nos\/","og_locale":"pt_PT","og_type":"article","og_title":"Join Us","og_url":"https:\/\/www.seabookings.com\/pt\/juntar-se-a-nos\/","og_site_name":"SeaBookings","article_publisher":"https:\/\/www.facebook.com\/seabookings","article_modified_time":"2024-10-28T06:35:49+00:00","og_image":[{"width":720,"height":274,"url":"https:\/\/www.seabookings.com\/wp-content\/uploads\/2024\/11\/facebook_cover_720.webp","type":"image\/webp"}],"twitter_card":"summary_large_image","twitter_site":"@seabookings","schema":{"@context":"https:\/\/schema.org","@graph":[{"@type":"WebPage","@id":"https:\/\/www.seabookings.com\/join-us\/","url":"https:\/\/www.seabookings.com\/join-us\/","name":"Junte-se a n\u00f3s - SeaBookings","isPartOf":{"@id":"https:\/\/www.seabookings.com\/de\/#website"},"datePublished":"2024-10-28T06:35:48+00:00","dateModified":"2024-10-28T06:35:49+00:00","breadcrumb":{"@id":"https:\/\/www.seabookings.com\/join-us\/#breadcrumb"},"inLanguage":"pt-PT","potentialAction":[{"@type":"ReadAction","target":["https:\/\/www.seabookings.com\/join-us\/"]}]},{"@type":"BreadcrumbList","@id":"https:\/\/www.seabookings.com\/join-us\/#breadcrumb","itemListElement":[{"@type":"ListItem","position":1,"name":"Home","item":"https:\/\/www.seabookings.com\/nl\/"},{"@type":"ListItem","position":2,"name":"Join Us"}]},{"@type":"WebSite","@id":"https:\/\/www.seabookings.com\/de\/#website","url":"https:\/\/www.seabookings.com\/de\/","name":"Reservas mar\u00edtimas","description":"Desportos aqu\u00e1ticos e passeios de barco","publisher":{"@id":"https:\/\/www.seabookings.com\/de\/#organization"},"potentialAction":[{"@type":"SearchAction","target":{"@type":"EntryPoint","urlTemplate":"https:\/\/www.seabookings.com\/de\/?s={search_term_string}"},"query-input":{"@type":"PropertyValueSpecification","valueRequired":true,"valueName":"search_term_string"}}],"inLanguage":"pt-PT"},{"@type":"Organization","@id":"https:\/\/www.seabookings.com\/de\/#organization","name":"Reservas mar\u00edtimas","url":"https:\/\/www.seabookings.com\/de\/","logo":{"@type":"ImageObject","inLanguage":"pt-PT","@id":"https:\/\/www.seabookings.com\/de\/#\/schema\/logo\/image\/","url":"https:\/\/www.seabookings.com\/wp-content\/uploads\/seabookings_logo.svg","contentUrl":"https:\/\/www.seabookings.com\/wp-content\/uploads\/seabookings_logo.svg","width":252,"height":43,"caption":"SeaBookings"},"image":{"@id":"https:\/\/www.seabookings.com\/de\/#\/schema\/logo\/image\/"},"sameAs":["https:\/\/www.facebook.com\/seabookings","https:\/\/x.com\/seabookings","https:\/\/www.instagram.com\/seabookings\/","https:\/\/www.tiktok.com\/@seabookings"],"description":"SeaBookings \u00e9 um recurso \u00fanico para descobrir e comparar os melhores desportos aqu\u00e1ticos e passeios de barco.","email":"info@seabookings.com","legalName":"Seabookings, LDA","foundingDate":"2014-02-14","vatID":"PT514063068","numberOfEmployees":{"@type":"QuantitativeValue","minValue":"1","maxValue":"10"}}]}},"_links":{"self":[{"href":"https:\/\/www.seabookings.com\/pt\/wp-json\/wp\/v2\/pages\/31047","targetHints":{"allow":["GET"]}}],"collection":[{"href":"https:\/\/www.seabookings.com\/pt\/wp-json\/wp\/v2\/pages"}],"about":[{"href":"https:\/\/www.seabookings.com\/pt\/wp-json\/wp\/v2\/types\/page"}],"author":[{"embeddable":true,"href":"https:\/\/www.seabookings.com\/pt\/wp-json\/wp\/v2\/users\/1"}],"replies":[{"embeddable":true,"href":"https:\/\/www.seabookings.com\/pt\/wp-json\/wp\/v2\/comments?post=31047"}],"version-history":[{"count":1,"href":"https:\/\/www.seabookings.com\/pt\/wp-json\/wp\/v2\/pages\/31047\/revisions"}],"predecessor-version":[{"id":31048,"href":"https:\/\/www.seabookings.com\/pt\/wp-json\/wp\/v2\/pages\/31047\/revisions\/31048"}],"wp:attachment":[{"href":"https:\/\/www.seabookings.com\/pt\/wp-json\/wp\/v2\/media?parent=31047"}],"wp:term":[{"taxonomy":"destination","embeddable":true,"href":"https:\/\/www.seabookings.com\/pt\/wp-json\/wp\/v2\/destination?post=31047"}],"curies":[{"name":"wp","href":"https:\/\/api.w.org\/{rel}","templated":true}]}}