{"id":21457,"date":"2024-10-07T10:42:22","date_gmt":"2024-10-07T10:42:22","guid":{"rendered":"https:\/\/seabookings.com\/?page_id=21457"},"modified":"2025-12-17T12:06:41","modified_gmt":"2025-12-17T12:06:41","slug":"casa-2","status":"publish","type":"page","link":"https:\/\/www.seabookings.com\/pt\/","title":{"rendered":"In\u00edcio"},"content":{"rendered":"<h2 class=\"wp-block-heading\" id=\"h-seabookings-your-guide-for-watersports-amp-boat-tours-worldwide\">SeaBookings, o seu guia para desportos aqu\u00e1ticos e passeios de barco em todo o mundo. <br><\/h2>\n\n\n\n<p>Selecion\u00e1mos os melhores desportos n\u00e1uticos e passeios de barco em Portugal, Espanha, Cro\u00e1cia, Gr\u00e9cia, It\u00e1lia, Dubai, Reino Unido, \u00c1frica do Sul, Estados Unidos e ilhas do Caribe.<\/p>\n\n\n\n<p><\/p>","protected":false},"excerpt":{"rendered":"<p>SeaBookings, o seu guia para desportos n\u00e1uticos e passeios de barco em todo o mundo. Selecion\u00e1mos os melhores desportos n\u00e1uticos e passeios de barco em Portugal, Espanha, Cro\u00e1cia, Gr\u00e9cia, It\u00e1lia, Dubai, Reino Unido, \u00c1frica do Sul, Estados Unidos e ilhas do Caribe.<\/p>","protected":false},"author":1,"featured_media":63922,"parent":0,"menu_order":0,"comment_status":"closed","ping_status":"closed","template":"","meta":{"_acf_changed":false,"footnotes":""},"destination":[],"class_list":["post-21457","page","type-page","status-publish","has-post-thumbnail","hentry"],"acf":{"related_blog_posts":[64483,64170,28938,27776,28424,28472,27878,64152,28291,27915,63632,27821,28182,28443,29139,29154],"related_destinations":[29646,29666,29652,29648,29650,29660,29658,29654,29662,29664,29668,29656]},"yoast_head":"<!-- This site is optimized with the Yoast SEO Premium plugin v27.4 (Yoast SEO v27.4) - https:\/\/yoast.com\/product\/yoast-seo-premium-wordpress\/ -->\n<title>SeaBookings - Watersports &amp; Boat Tours<\/title>\n<meta name=\"description\" content=\"Your guide to watersports, boat tours, and private events at sea. Book online or let us plan your private boat adventure.\" \/>\n<meta name=\"robots\" content=\"index, follow, max-snippet:-1, max-image-preview:large, max-video-preview:-1\" \/>\n<link rel=\"canonical\" href=\"https:\/\/www.seabookings.com\/pt\/\" \/>\n<meta property=\"og:locale\" content=\"pt_PT\" \/>\n<meta property=\"og:type\" content=\"article\" \/>\n<meta property=\"og:title\" content=\"SeaBookings - Watersports &amp; Boat Tours\" \/>\n<meta property=\"og:description\" content=\"Your guide to watersports, boat tours, and private events at sea. Book online or let us plan your private boat adventure.\" \/>\n<meta property=\"og:url\" content=\"https:\/\/www.seabookings.com\/pt\/\" \/>\n<meta property=\"og:site_name\" content=\"SeaBookings\" \/>\n<meta property=\"article:publisher\" content=\"https:\/\/www.facebook.com\/seabookings\" \/>\n<meta property=\"article:modified_time\" content=\"2025-12-17T12:06:41+00:00\" \/>\n<meta property=\"og:image\" content=\"https:\/\/www.seabookings.com\/wp-content\/uploads\/2025\/09\/Facebook-Post-1-1024x1024.png\" \/>\n\t<meta property=\"og:image:width\" content=\"1024\" \/>\n\t<meta property=\"og:image:height\" content=\"1024\" \/>\n\t<meta property=\"og:image:type\" content=\"image\/png\" \/>\n<meta name=\"twitter:card\" content=\"summary_large_image\" \/>\n<meta name=\"twitter:title\" content=\"SeaBookings - Watersports &amp; Boat Tours\" \/>\n<meta name=\"twitter:description\" content=\"Your guide to watersports, boat tours, and private events at sea. Book online or let us plan your private boat adventure.\" \/>\n<meta name=\"twitter:site\" content=\"@seabookings\" \/>\n<meta name=\"twitter:label1\" content=\"Est. reading time\" \/>\n\t<meta name=\"twitter:data1\" content=\"1 minute\" \/>\n<script type=\"application\/ld+json\" class=\"yoast-schema-graph\">{\"@context\":\"https:\\\/\\\/schema.org\",\"@graph\":[{\"@type\":\"WebPage\",\"@id\":\"https:\\\/\\\/www.seabookings.com\\\/nl\\\/\",\"url\":\"https:\\\/\\\/www.seabookings.com\\\/nl\\\/\",\"name\":\"SeaBookings - Watersports & Boat Tours\",\"isPartOf\":{\"@id\":\"https:\\\/\\\/www.seabookings.com\\\/de\\\/#website\"},\"primaryImageOfPage\":{\"@id\":\"https:\\\/\\\/www.seabookings.com\\\/nl\\\/#primaryimage\"},\"image\":{\"@id\":\"https:\\\/\\\/www.seabookings.com\\\/nl\\\/#primaryimage\"},\"thumbnailUrl\":\"https:\\\/\\\/www.seabookings.com\\\/wp-content\\\/uploads\\\/2025\\\/09\\\/Facebook-Post-1.png\",\"datePublished\":\"2024-10-07T10:42:22+00:00\",\"dateModified\":\"2025-12-17T12:06:41+00:00\",\"description\":\"Your guide to watersports, boat tours, and private events at sea. Book online or let us plan your private boat adventure.\",\"breadcrumb\":{\"@id\":\"https:\\\/\\\/www.seabookings.com\\\/nl\\\/#breadcrumb\"},\"inLanguage\":\"pt-PT\",\"potentialAction\":[{\"@type\":\"ReadAction\",\"target\":[\"https:\\\/\\\/www.seabookings.com\\\/nl\\\/\"]}]},{\"@type\":\"ImageObject\",\"inLanguage\":\"pt-PT\",\"@id\":\"https:\\\/\\\/www.seabookings.com\\\/nl\\\/#primaryimage\",\"url\":\"https:\\\/\\\/www.seabookings.com\\\/wp-content\\\/uploads\\\/2025\\\/09\\\/Facebook-Post-1.png\",\"contentUrl\":\"https:\\\/\\\/www.seabookings.com\\\/wp-content\\\/uploads\\\/2025\\\/09\\\/Facebook-Post-1.png\",\"width\":1200,\"height\":1200},{\"@type\":\"BreadcrumbList\",\"@id\":\"https:\\\/\\\/www.seabookings.com\\\/nl\\\/#breadcrumb\",\"itemListElement\":[{\"@type\":\"ListItem\",\"position\":1,\"name\":\"Home\",\"item\":\"https:\\\/\\\/www.seabookings.com\\\/nl\\\/\"},{\"@type\":\"ListItem\",\"position\":2,\"name\":\"Home\"}]},{\"@type\":\"WebSite\",\"@id\":\"https:\\\/\\\/www.seabookings.com\\\/de\\\/#website\",\"url\":\"https:\\\/\\\/www.seabookings.com\\\/de\\\/\",\"name\":\"SeaBookings\",\"description\":\"Watersports &amp; Boat tours\",\"publisher\":{\"@id\":\"https:\\\/\\\/www.seabookings.com\\\/de\\\/#organization\"},\"potentialAction\":[{\"@type\":\"SearchAction\",\"target\":{\"@type\":\"EntryPoint\",\"urlTemplate\":\"https:\\\/\\\/www.seabookings.com\\\/de\\\/?s={search_term_string}\"},\"query-input\":{\"@type\":\"PropertyValueSpecification\",\"valueRequired\":true,\"valueName\":\"search_term_string\"}}],\"inLanguage\":\"pt-PT\"},{\"@type\":\"Organization\",\"@id\":\"https:\\\/\\\/www.seabookings.com\\\/de\\\/#organization\",\"name\":\"SeaBookings\",\"url\":\"https:\\\/\\\/www.seabookings.com\\\/de\\\/\",\"logo\":{\"@type\":\"ImageObject\",\"inLanguage\":\"pt-PT\",\"@id\":\"https:\\\/\\\/www.seabookings.com\\\/de\\\/#\\\/schema\\\/logo\\\/image\\\/\",\"url\":\"https:\\\/\\\/www.seabookings.com\\\/wp-content\\\/uploads\\\/seabookings_logo.svg\",\"contentUrl\":\"https:\\\/\\\/www.seabookings.com\\\/wp-content\\\/uploads\\\/seabookings_logo.svg\",\"width\":252,\"height\":43,\"caption\":\"SeaBookings\"},\"image\":{\"@id\":\"https:\\\/\\\/www.seabookings.com\\\/de\\\/#\\\/schema\\\/logo\\\/image\\\/\"},\"sameAs\":[\"https:\\\/\\\/www.facebook.com\\\/seabookings\",\"https:\\\/\\\/x.com\\\/seabookings\",\"https:\\\/\\\/www.instagram.com\\\/seabookings\\\/\",\"https:\\\/\\\/www.tiktok.com\\\/@seabookings\"],\"description\":\"SeaBookings is a unique resource to discover & compare the best watersports and boat tours.\",\"email\":\"info@seabookings.com\",\"legalName\":\"Seabookings, LDA\",\"foundingDate\":\"2014-02-14\",\"vatID\":\"PT514063068\",\"numberOfEmployees\":{\"@type\":\"QuantitativeValue\",\"minValue\":\"1\",\"maxValue\":\"10\"}}]}<\/script>\n<!-- \/ Yoast SEO Premium plugin. -->","yoast_head_json":{"title":"SeaBookings - Desportos n\u00e1uticos e passeios de barco","description":"O seu guia para desportos aqu\u00e1ticos, passeios de barco e eventos privados no mar. Reserve online ou deixe-nos planear a sua aventura de barco privada.","robots":{"index":"index","follow":"follow","max-snippet":"max-snippet:-1","max-image-preview":"max-image-preview:large","max-video-preview":"max-video-preview:-1"},"canonical":"https:\/\/www.seabookings.com\/pt\/","og_locale":"pt_PT","og_type":"article","og_title":"SeaBookings - Watersports & Boat Tours","og_description":"Your guide to watersports, boat tours, and private events at sea. Book online or let us plan your private boat adventure.","og_url":"https:\/\/www.seabookings.com\/pt\/","og_site_name":"SeaBookings","article_publisher":"https:\/\/www.facebook.com\/seabookings","article_modified_time":"2025-12-17T12:06:41+00:00","og_image":[{"width":1024,"height":1024,"url":"https:\/\/www.seabookings.com\/wp-content\/uploads\/2025\/09\/Facebook-Post-1-1024x1024.png","type":"image\/png"}],"twitter_card":"summary_large_image","twitter_title":"SeaBookings - Watersports & Boat Tours","twitter_description":"Your guide to watersports, boat tours, and private events at sea. Book online or let us plan your private boat adventure.","twitter_site":"@seabookings","twitter_misc":{"Est. reading time":"1 minute"},"schema":{"@context":"https:\/\/schema.org","@graph":[{"@type":"WebPage","@id":"https:\/\/www.seabookings.com\/nl\/","url":"https:\/\/www.seabookings.com\/nl\/","name":"SeaBookings - Desportos n\u00e1uticos e passeios de barco","isPartOf":{"@id":"https:\/\/www.seabookings.com\/de\/#website"},"primaryImageOfPage":{"@id":"https:\/\/www.seabookings.com\/nl\/#primaryimage"},"image":{"@id":"https:\/\/www.seabookings.com\/nl\/#primaryimage"},"thumbnailUrl":"https:\/\/www.seabookings.com\/wp-content\/uploads\/2025\/09\/Facebook-Post-1.png","datePublished":"2024-10-07T10:42:22+00:00","dateModified":"2025-12-17T12:06:41+00:00","description":"O seu guia para desportos aqu\u00e1ticos, passeios de barco e eventos privados no mar. Reserve online ou deixe-nos planear a sua aventura de barco privada.","breadcrumb":{"@id":"https:\/\/www.seabookings.com\/nl\/#breadcrumb"},"inLanguage":"pt-PT","potentialAction":[{"@type":"ReadAction","target":["https:\/\/www.seabookings.com\/nl\/"]}]},{"@type":"ImageObject","inLanguage":"pt-PT","@id":"https:\/\/www.seabookings.com\/nl\/#primaryimage","url":"https:\/\/www.seabookings.com\/wp-content\/uploads\/2025\/09\/Facebook-Post-1.png","contentUrl":"https:\/\/www.seabookings.com\/wp-content\/uploads\/2025\/09\/Facebook-Post-1.png","width":1200,"height":1200},{"@type":"BreadcrumbList","@id":"https:\/\/www.seabookings.com\/nl\/#breadcrumb","itemListElement":[{"@type":"ListItem","position":1,"name":"Home","item":"https:\/\/www.seabookings.com\/nl\/"},{"@type":"ListItem","position":2,"name":"Home"}]},{"@type":"WebSite","@id":"https:\/\/www.seabookings.com\/de\/#website","url":"https:\/\/www.seabookings.com\/de\/","name":"Reservas mar\u00edtimas","description":"Desportos aqu\u00e1ticos e passeios de barco","publisher":{"@id":"https:\/\/www.seabookings.com\/de\/#organization"},"potentialAction":[{"@type":"SearchAction","target":{"@type":"EntryPoint","urlTemplate":"https:\/\/www.seabookings.com\/de\/?s={search_term_string}"},"query-input":{"@type":"PropertyValueSpecification","valueRequired":true,"valueName":"search_term_string"}}],"inLanguage":"pt-PT"},{"@type":"Organization","@id":"https:\/\/www.seabookings.com\/de\/#organization","name":"Reservas mar\u00edtimas","url":"https:\/\/www.seabookings.com\/de\/","logo":{"@type":"ImageObject","inLanguage":"pt-PT","@id":"https:\/\/www.seabookings.com\/de\/#\/schema\/logo\/image\/","url":"https:\/\/www.seabookings.com\/wp-content\/uploads\/seabookings_logo.svg","contentUrl":"https:\/\/www.seabookings.com\/wp-content\/uploads\/seabookings_logo.svg","width":252,"height":43,"caption":"SeaBookings"},"image":{"@id":"https:\/\/www.seabookings.com\/de\/#\/schema\/logo\/image\/"},"sameAs":["https:\/\/www.facebook.com\/seabookings","https:\/\/x.com\/seabookings","https:\/\/www.instagram.com\/seabookings\/","https:\/\/www.tiktok.com\/@seabookings"],"description":"SeaBookings \u00e9 um recurso \u00fanico para descobrir e comparar os melhores desportos aqu\u00e1ticos e passeios de barco.","email":"info@seabookings.com","legalName":"Seabookings, LDA","foundingDate":"2014-02-14","vatID":"PT514063068","numberOfEmployees":{"@type":"QuantitativeValue","minValue":"1","maxValue":"10"}}]}},"_links":{"self":[{"href":"https:\/\/www.seabookings.com\/pt\/wp-json\/wp\/v2\/pages\/21457","targetHints":{"allow":["GET"]}}],"collection":[{"href":"https:\/\/www.seabookings.com\/pt\/wp-json\/wp\/v2\/pages"}],"about":[{"href":"https:\/\/www.seabookings.com\/pt\/wp-json\/wp\/v2\/types\/page"}],"author":[{"embeddable":true,"href":"https:\/\/www.seabookings.com\/pt\/wp-json\/wp\/v2\/users\/1"}],"replies":[{"embeddable":true,"href":"https:\/\/www.seabookings.com\/pt\/wp-json\/wp\/v2\/comments?post=21457"}],"version-history":[{"count":25,"href":"https:\/\/www.seabookings.com\/pt\/wp-json\/wp\/v2\/pages\/21457\/revisions"}],"predecessor-version":[{"id":64485,"href":"https:\/\/www.seabookings.com\/pt\/wp-json\/wp\/v2\/pages\/21457\/revisions\/64485"}],"acf:post":[{"embeddable":true,"href":"https:\/\/www.seabookings.com\/pt\/wp-json\/wp\/v2\/destination\/29656"},{"embeddable":true,"href":"https:\/\/www.seabookings.com\/pt\/wp-json\/wp\/v2\/destination\/29668"},{"embeddable":true,"href":"https:\/\/www.seabookings.com\/pt\/wp-json\/wp\/v2\/destination\/29664"},{"embeddable":true,"href":"https:\/\/www.seabookings.com\/pt\/wp-json\/wp\/v2\/destination\/29662"},{"embeddable":true,"href":"https:\/\/www.seabookings.com\/pt\/wp-json\/wp\/v2\/destination\/29654"},{"embeddable":true,"href":"https:\/\/www.seabookings.com\/pt\/wp-json\/wp\/v2\/destination\/29658"},{"embeddable":true,"href":"https:\/\/www.seabookings.com\/pt\/wp-json\/wp\/v2\/destination\/29660"},{"embeddable":true,"href":"https:\/\/www.seabookings.com\/pt\/wp-json\/wp\/v2\/destination\/29650"},{"embeddable":true,"href":"https:\/\/www.seabookings.com\/pt\/wp-json\/wp\/v2\/destination\/29648"},{"embeddable":true,"href":"https:\/\/www.seabookings.com\/pt\/wp-json\/wp\/v2\/destination\/29652"},{"embeddable":true,"href":"https:\/\/www.seabookings.com\/pt\/wp-json\/wp\/v2\/destination\/29666"},{"embeddable":true,"href":"https:\/\/www.seabookings.com\/pt\/wp-json\/wp\/v2\/destination\/29646"},{"embeddable":true,"href":"https:\/\/www.seabookings.com\/pt\/wp-json\/wp\/v2\/blog\/29154"},{"embeddable":true,"href":"https:\/\/www.seabookings.com\/pt\/wp-json\/wp\/v2\/blog\/29139"},{"embeddable":true,"href":"https:\/\/www.seabookings.com\/pt\/wp-json\/wp\/v2\/blog\/28443"},{"embeddable":true,"href":"https:\/\/www.seabookings.com\/pt\/wp-json\/wp\/v2\/blog\/28182"},{"embeddable":true,"href":"https:\/\/www.seabookings.com\/pt\/wp-json\/wp\/v2\/blog\/27821"},{"embeddable":true,"href":"https:\/\/www.seabookings.com\/pt\/wp-json\/wp\/v2\/blog\/63632"},{"embeddable":true,"href":"https:\/\/www.seabookings.com\/pt\/wp-json\/wp\/v2\/blog\/27915"},{"embeddable":true,"href":"https:\/\/www.seabookings.com\/pt\/wp-json\/wp\/v2\/blog\/28291"},{"embeddable":true,"href":"https:\/\/www.seabookings.com\/pt\/wp-json\/wp\/v2\/blog\/64152"},{"embeddable":true,"href":"https:\/\/www.seabookings.com\/pt\/wp-json\/wp\/v2\/blog\/27878"},{"embeddable":true,"href":"https:\/\/www.seabookings.com\/pt\/wp-json\/wp\/v2\/blog\/28472"},{"embeddable":true,"href":"https:\/\/www.seabookings.com\/pt\/wp-json\/wp\/v2\/blog\/28424"},{"embeddable":true,"href":"https:\/\/www.seabookings.com\/pt\/wp-json\/wp\/v2\/blog\/27776"},{"embeddable":true,"href":"https:\/\/www.seabookings.com\/pt\/wp-json\/wp\/v2\/blog\/28938"},{"embeddable":true,"href":"https:\/\/www.seabookings.com\/pt\/wp-json\/wp\/v2\/blog\/64170"},{"embeddable":true,"href":"https:\/\/www.seabookings.com\/pt\/wp-json\/wp\/v2\/blog\/64483"}],"wp:featuredmedia":[{"embeddable":true,"href":"https:\/\/www.seabookings.com\/pt\/wp-json\/wp\/v2\/media\/63922"}],"wp:attachment":[{"href":"https:\/\/www.seabookings.com\/pt\/wp-json\/wp\/v2\/media?parent=21457"}],"wp:term":[{"taxonomy":"destination","embeddable":true,"href":"https:\/\/www.seabookings.com\/pt\/wp-json\/wp\/v2\/destination?post=21457"}],"curies":[{"name":"wp","href":"https:\/\/api.w.org\/{rel}","templated":true}]}}