{"id":501,"date":"2024-09-28T06:40:19","date_gmt":"2024-09-28T06:40:19","guid":{"rendered":"https:\/\/seabookings.com"},"modified":"2024-11-13T15:04:56","modified_gmt":"2024-11-13T15:04:56","slug":"mtos","status":"publish","type":"page","link":"https:\/\/www.seabookings.com\/es\/mtos\/","title":{"rendered":"Condiciones de servicio de SeaBookings para empresas"},"content":{"rendered":"<p>\u00daltima actualizaci\u00f3n: Noviembre 2024<\/p>\n\n\n\n<h2 class=\"wp-block-heading\">1. Introducci\u00f3n<\/h2>\n\n\n\n<p>SeaBookings es un directorio online de experiencias en el mar y sus proveedores. Estos T\u00e9rminos de Servicio para MTOs (Tour Operadores Mar\u00edtimos) se aplican a los contratos entre SeaBookings y los proveedores de tours y actividades - los MTOs.&nbsp;<\/p>\n\n\n\n<p>Los t\u00e9rminos \"nosotros\", \"nos\", \"nuestro\" y \"SeaBookings.com\" se refieren a SEABOOKINGS, UNIPESSOAL LDA, una corporaci\u00f3n portuguesa. Los t\u00e9rminos \"usted\", \"Proveedor de Viajes\" y \"MTO\" se refieren a los MTO que anuncian sus servicios en SeaBookings.com.<\/p>\n\n\n\n<p>Al utilizar los servicios de SeaBookings o proporcionarnos informaci\u00f3n, los MTO aceptan los T\u00e9rminos de Servicio de este Acuerdo. Por favor, lea atentamente el Acuerdo. Si no est\u00e1 de acuerdo, por favor abst\u00e9ngase de utilizar el servicio.<\/p>\n\n\n\n<h2 class=\"wp-block-heading\">2. Ofertas disponibles<\/h2>\n\n\n\n<p>Ofrecemos dos opciones para incluir su empresa en nuestro directorio:<\/p>\n\n\n\n<ul class=\"wp-block-list\">\n<li><strong>Perfil de la empresa<\/strong>: Creamos una p\u00e1gina dedicada a su empresa, con toda la informaci\u00f3n pertinente, como datos de contacto, ubicaci\u00f3n de la sede, fotos, opiniones y valoraciones, as\u00ed como enlaces a sus redes sociales. Tambi\u00e9n se proporciona un enlace directo a su sitio web. Este servicio cuesta <strong>199 euros al a\u00f1o<\/strong> (sin IVA).<\/li>\n\n\n\n<li><strong>Impulso para las experiencias<\/strong>: Cada una de sus experiencias listadas en SeaBookings tendr\u00e1 un enlace directo a su p\u00e1gina web, aumentando sus ventas directas y ahorrando en comisiones. Adem\u00e1s, mejora el SEO de su sitio web a trav\u00e9s de backlinks de alta calidad. Este servicio cuesta <strong>149 euros al a\u00f1o<\/strong> por experiencia (sin IVA).<\/li>\n<\/ul>\n\n\n\n<h2 class=\"wp-block-heading\">3. Prestaciones de servicio<\/h2>\n\n\n\n<p>Al figurar en nuestro directorio, usted se beneficia de:<\/p>\n\n\n\n<ul class=\"wp-block-list\">\n<li>Aumento de las ventas directas redirigiendo a los visitantes a su sitio web.<\/li>\n\n\n\n<li>Ahorro en comisiones de las plataformas de reservas.<\/li>\n\n\n\n<li>SEO mejorado para su sitio web a trav\u00e9s de backlinks de calidad.<\/li>\n<\/ul>\n\n\n\n<h2 class=\"wp-block-heading\">4. Pago e IVA<\/h2>\n\n\n\n<p>A todos los precios se a\u00f1adir\u00e1 el IVA al tipo legal aplicable. Los pagos son anuales y deben efectuarse antes del inicio del servicio. Se emitir\u00e1 una factura poco despu\u00e9s de que se haya completado el pago.<\/p>\n\n\n\n<h2 class=\"wp-block-heading\">5. Redirecci\u00f3n de experiencias no potenciadas<\/h2>\n\n\n\n<p>Experiencias que no han optado por la <strong>Impulso para las experiencias<\/strong> ser\u00e1 redirigido a la experiencia correspondiente en <strong>GetYourGuide<\/strong>. Una vez que el usuario es redirigido, se aplican las Condiciones de servicio de GetYourGuide.<br>Si una experiencia no potenciada no tiene su correspondiente listado en GetYourGuide, se archivar\u00e1.<\/p>\n\n\n\n<h2 class=\"wp-block-heading\">6. Divulgaci\u00f3n de enlaces de afiliados<\/h2>\n\n\n\n<p>En nuestro directorio incluimos enlaces de afiliaci\u00f3n a plataformas de terceros como GetYourGuide. Si los usuarios hacen clic en estos enlaces y realizan una reserva, podemos ganar una comisi\u00f3n sin coste adicional para el usuario o el proveedor local de servicios tur\u00edsticos. Esto no influye en la inclusi\u00f3n de sus experiencias en nuestro directorio, y seguimos siendo imparciales en la presentaci\u00f3n de los servicios. Al incluir sus experiencias en nuestro directorio, usted reconoce que sus experiencias no promocionadas pueden ser redirigidas a plataformas de afiliaci\u00f3n de terceros, sujetas a sus t\u00e9rminos y condiciones.<\/p>\n\n\n\n<h2 class=\"wp-block-heading\">7. Traducciones<\/h2>\n\n\n\n<p>Todas las traducciones proporcionadas en nuestra plataforma son facilitadas por un servicio externo basado en IA. Aunque nos esforzamos por que las traducciones sean precisas, no garantizamos que no contengan errores, por lo que los proveedores de viajes deben verificar los detalles importantes si es necesario.<\/p>\n\n\n\n<h2 class=\"wp-block-heading\">8. Rese\u00f1as<\/h2>\n\n\n\n<p>Las rese\u00f1as que aparecen en nuestra plataforma pueden proceder de m\u00faltiples plataformas, como Google Business, Get Your Guide y Viator, para ofrecer una visi\u00f3n global de la experiencia del cliente.<\/p>\n\n\n\n<h2 class=\"wp-block-heading\">9. Cancelaciones y reembolsos<\/h2>\n\n\n\n<p>Puede cancelar su perfil MT o el servicio Boost for Experiences en cualquier momento, pero no se efectuar\u00e1n reembolsos una vez iniciado el servicio. Si no est\u00e1 satisfecho, p\u00f3ngase en contacto con nosotros para analizar la situaci\u00f3n.<\/p>\n\n\n\n<h2 class=\"wp-block-heading\">10. Responsabilidad de la plataforma<\/h2>\n\n\n\n<p>Nuestro directorio sirve como plataforma de anuncios de experiencias n\u00e1uticas. No somos responsables de la gesti\u00f3n de reservas, pagos o cualquier disputa entre los usuarios y las empresas listadas. Nuestra funci\u00f3n es proporcionar una herramienta que conecte a los consumidores con las empresas.<\/p>\n\n\n\n<h2 class=\"wp-block-heading\">11. Obligaciones de los usuarios<\/h2>\n\n\n\n<p>Las empresas inscritas son responsables de que la informaci\u00f3n facilitada en el directorio sea exacta y est\u00e9 actualizada. Cualquier intento de proporcionar informaci\u00f3n enga\u00f1osa puede dar lugar a la suspensi\u00f3n o eliminaci\u00f3n del listado.<\/p>\n\n\n\n<h2 class=\"wp-block-heading\">12. Contenido mostrado<\/h2>\n\n\n\n<p>Las empresas enumeradas conceden a SeaBookings un derecho no exclusivo, libre de regal\u00edas y en todo el mundo para:<\/p>\n\n\n\n<ol class=\"wp-block-list\">\n<li>Usar, reproducir, distribuir, sublicenciar, mostrar y utilizar (incluyendo, sin limitaci\u00f3n, modificar, adaptar, copiar, traducir y poner a disposici\u00f3n del p\u00fablico de cualquier manera) el contenido proporcionado, como informaci\u00f3n sobre actividades e im\u00e1genes;<\/li>\n\n\n\n<li>SeaBookings puede ofrecer este contenido en colaboraci\u00f3n con empresas afiliadas y\/o terceros;<\/li>\n\n\n\n<li>En ning\u00fan caso SeaBookings ser\u00e1 responsable ante el MTO por cualquier acto u omisi\u00f3n por parte de cualquier plataforma de terceros. El \u00fanico recurso ser\u00eda solicitar SeaBookings (que tiene el derecho y no la obligaci\u00f3n) para desconectar con dicha plataforma de terceros.<\/li>\n<\/ol>\n\n\n\n<h2 class=\"wp-block-heading\">13. Eventos personalizados en el mar<\/h2>\n\n\n\n<p>Adem\u00e1s del Directorio, ofrecemos un servicio de reservas para eventos de grupo en barcos, como bodas, despedidas de soltero, cumplea\u00f1os y eventos de networking. Colaboramos con socios seleccionados, incluidos operadores de embarcaciones y proveedores de servicios (catering, m\u00fasicos, fot\u00f3grafos), para ofrecer una experiencia de reserva perfecta para estos eventos. Las condiciones son las siguientes:<\/p>\n\n\n\n<ol class=\"wp-block-list\">\n<li>Funci\u00f3n y responsabilidades Actuamos como intermediarios entre los clientes y los proveedores de viajes. Nuestra funci\u00f3n principal es gestionar el proceso de reserva y facilitar la comunicaci\u00f3n entre el cliente y el proveedor. El proveedor del viaje es responsable de prestar los servicios y garantizar el cumplimiento de la normativa local.<\/li>\n\n\n\n<li>Responsabilidades del proveedor del viaje: La puesta a disposici\u00f3n de la embarcaci\u00f3n y de cualquier servicio adicional ofrecido, como catering, m\u00fasica en directo o fotograf\u00eda. El cumplimiento de todas las leyes locales, incluido el registro y las licencias tur\u00edsticas. Proporcionar una cobertura de seguro adecuada para sus servicios y equipos. Gestionar todas las responsabilidades relacionadas con el evento, incluidas las cuestiones legales y de seguridad.<\/li>\n\n\n\n<li>Pol\u00edticas de cancelaci\u00f3n y reembolso: El proveedor del viaje establece las pol\u00edticas de cancelaci\u00f3n y reembolso. Estas pol\u00edticas deben comunicarse claramente tanto a nosotros como al cliente en el momento de la reserva. El cliente quedar\u00e1 vinculado por estas condiciones y nosotros facilitaremos cualquier comunicaci\u00f3n relativa a cancelaciones o reembolsos.<\/li>\n\n\n\n<li>Responsabilidad: SeaBookings no asume ninguna responsabilidad por la prestaci\u00f3n efectiva de los servicios. Todas las reclamaciones, disputas o cuestiones legales derivadas del evento deben ser dirigidas al proveedor del tour. El proveedor del tour se compromete a indemnizar y mantener indemne a SeaBookings de cualquier reclamaci\u00f3n o responsabilidad relacionada con el evento.<\/li>\n\n\n\n<li>Seguros y cumplimiento de la legislaci\u00f3n: Los proveedores de excursiones deben contar con una cobertura de seguro adecuada para sus operaciones, incluido un seguro de responsabilidad civil para cualquier posible incidente durante el evento. Los proveedores tambi\u00e9n son responsables de garantizar que sus servicios cumplen las leyes y normativas locales.<\/li>\n\n\n\n<li>Relaci\u00f3n con los clientes: Aunque nosotros gestionamos el proceso de reserva y comunicaci\u00f3n, el proveedor del viaje es responsable de cumplir los servicios acordados con el cliente. Cualquier petici\u00f3n o cambio espec\u00edfico del cliente debe gestionarse directamente con \u00e9l y comunic\u00e1rnoslo.<\/li>\n<\/ol>\n\n\n\n<h2 class=\"wp-block-heading\">14. 14. Marketing y publicidad<\/h2>\n\n\n\n<p>SeaBookings tiene derecho a promover los servicios de los MTO en la comercializaci\u00f3n en l\u00ednea, incluyendo e-mail marketing y \/ o publicidad PPC. Es a discreci\u00f3n de SeaBookings c\u00f3mo anunciar los servicios de los MTOs en su sitio web o en sitios web de terceros y en las redes de afiliados en l\u00ednea.<\/p>\n\n\n\n<h2 class=\"wp-block-heading\">15. Utilizaci\u00f3n de datos con fines comerciales<\/h2>\n\n\n\n<p>SeaBookings utiliza los datos de los MTO para actividades de marketing, como el env\u00edo de correos electr\u00f3nicos y actualizaciones.<\/p>\n\n\n\n<p>Deseamos obtener la siguiente declaraci\u00f3n de consentimiento: Estoy de acuerdo en que cada mes, SeaBookings me env\u00ede informaci\u00f3n \u00fatil sobre la industria del turismo mar\u00edtimo por correo electr\u00f3nico. Puede revocar este consentimiento con SeaBookings en cualquier momento. Para ello, basta con enviar un correo electr\u00f3nico a: support@seabookings.com.<\/p>\n\n\n\n<h2 class=\"wp-block-heading\">16. 16. Limitaci\u00f3n de responsabilidad<\/h2>\n\n\n\n<p>No nos hacemos responsables de ninguna p\u00e9rdida, da\u00f1o o perjuicio resultante del uso de nuestro servicio o de la informaci\u00f3n facilitada por terceros. Al utilizar nuestro directorio, usted acepta estos riesgos.<\/p>\n\n\n\n<h2 class=\"wp-block-heading\">17. Cambios en las condiciones de servicio<\/h2>\n\n\n\n<p>Nos reservamos el derecho a modificar estas Condiciones del servicio en cualquier momento. Los cambios se comunicar\u00e1n por correo electr\u00f3nico y entrar\u00e1n en vigor 30 d\u00edas despu\u00e9s de su notificaci\u00f3n.<\/p>\n\n\n\n<h2 class=\"wp-block-heading\">18. Contacto<\/h2>\n\n\n\n<p>Si tiene alguna pregunta sobre estas Condiciones del servicio, p\u00f3ngase en contacto con nosotros a trav\u00e9s del correo electr\u00f3nico o el n\u00famero de tel\u00e9fono disponibles en nuestro sitio web.<\/p>","protected":false},"excerpt":{"rendered":"<p>Last updated: November 2024 1. Introduction SeaBookings is an online directory of sea experiences and its providers. These Terms of Service for MTOs (Maritime Tour Operators) apply to the contracts between SeaBookings and the suppliers of tours and activities &#8211; the MTOs.&nbsp; The terms \u201cwe\u201d, \u201cus\u201d, \u201cour\u201d and \u201cSeaBookings.com\u201d refer to SEABOOKINGS, UNIPESSOAL LDA, a [&hellip;]<\/p>\n","protected":false},"author":1,"featured_media":0,"parent":0,"menu_order":0,"comment_status":"closed","ping_status":"closed","template":"","meta":{"_acf_changed":false,"footnotes":""},"destination":[],"class_list":["post-501","page","type-page","status-publish","hentry"],"acf":[],"yoast_head":"<!-- This site is optimized with the Yoast SEO Premium plugin v27.3 (Yoast SEO v27.3) - https:\/\/yoast.com\/product\/yoast-seo-premium-wordpress\/ -->\n<title>SeaBookings Terms of Service for Businesses - SeaBookings<\/title>\n<meta name=\"robots\" content=\"index, follow, max-snippet:-1, max-image-preview:large, max-video-preview:-1\" \/>\n<link rel=\"canonical\" href=\"https:\/\/www.seabookings.com\/es\/mtos\/\" \/>\n<meta property=\"og:locale\" content=\"es_ES\" \/>\n<meta property=\"og:type\" content=\"article\" \/>\n<meta property=\"og:title\" content=\"SeaBookings Terms of Service for Businesses\" \/>\n<meta property=\"og:description\" content=\"Last updated: November 2024 1. Introduction SeaBookings is an online directory of sea experiences and its providers. These Terms of Service for MTOs (Maritime Tour Operators) apply to the contracts between SeaBookings and the suppliers of tours and activities &#8211; the MTOs.&nbsp; The terms \u201cwe\u201d, \u201cus\u201d, \u201cour\u201d and \u201cSeaBookings.com\u201d refer to SEABOOKINGS, UNIPESSOAL LDA, a [&hellip;]\" \/>\n<meta property=\"og:url\" content=\"https:\/\/www.seabookings.com\/es\/mtos\/\" \/>\n<meta property=\"og:site_name\" content=\"SeaBookings\" \/>\n<meta property=\"article:publisher\" content=\"https:\/\/www.facebook.com\/seabookings\" \/>\n<meta property=\"article:modified_time\" content=\"2024-11-13T15:04:56+00:00\" \/>\n<meta property=\"og:image\" content=\"https:\/\/www.seabookings.com\/wp-content\/uploads\/2024\/11\/facebook_cover_720.webp\" \/>\n\t<meta property=\"og:image:width\" content=\"720\" \/>\n\t<meta property=\"og:image:height\" content=\"274\" \/>\n\t<meta property=\"og:image:type\" content=\"image\/webp\" \/>\n<meta name=\"twitter:card\" content=\"summary_large_image\" \/>\n<meta name=\"twitter:site\" content=\"@seabookings\" \/>\n<meta name=\"twitter:label1\" content=\"Est. reading time\" \/>\n\t<meta name=\"twitter:data1\" content=\"6 minutes\" \/>\n<script type=\"application\/ld+json\" class=\"yoast-schema-graph\">{\"@context\":\"https:\\\/\\\/schema.org\",\"@graph\":[{\"@type\":\"WebPage\",\"@id\":\"https:\\\/\\\/www.seabookings.com\\\/mtos\\\/\",\"url\":\"https:\\\/\\\/www.seabookings.com\\\/mtos\\\/\",\"name\":\"SeaBookings Terms of Service for Businesses - SeaBookings\",\"isPartOf\":{\"@id\":\"https:\\\/\\\/www.seabookings.com\\\/de\\\/#website\"},\"datePublished\":\"2024-09-28T06:40:19+00:00\",\"dateModified\":\"2024-11-13T15:04:56+00:00\",\"breadcrumb\":{\"@id\":\"https:\\\/\\\/www.seabookings.com\\\/mtos\\\/#breadcrumb\"},\"inLanguage\":\"es-ES\",\"potentialAction\":[{\"@type\":\"ReadAction\",\"target\":[\"https:\\\/\\\/www.seabookings.com\\\/mtos\\\/\"]}]},{\"@type\":\"BreadcrumbList\",\"@id\":\"https:\\\/\\\/www.seabookings.com\\\/mtos\\\/#breadcrumb\",\"itemListElement\":[{\"@type\":\"ListItem\",\"position\":1,\"name\":\"Home\",\"item\":\"https:\\\/\\\/www.seabookings.com\\\/nl\\\/\"},{\"@type\":\"ListItem\",\"position\":2,\"name\":\"SeaBookings Terms of Service for Businesses\"}]},{\"@type\":\"WebSite\",\"@id\":\"https:\\\/\\\/www.seabookings.com\\\/de\\\/#website\",\"url\":\"https:\\\/\\\/www.seabookings.com\\\/de\\\/\",\"name\":\"SeaBookings\",\"description\":\"Watersports &amp; Boat tours\",\"publisher\":{\"@id\":\"https:\\\/\\\/www.seabookings.com\\\/de\\\/#organization\"},\"potentialAction\":[{\"@type\":\"SearchAction\",\"target\":{\"@type\":\"EntryPoint\",\"urlTemplate\":\"https:\\\/\\\/www.seabookings.com\\\/de\\\/?s={search_term_string}\"},\"query-input\":{\"@type\":\"PropertyValueSpecification\",\"valueRequired\":true,\"valueName\":\"search_term_string\"}}],\"inLanguage\":\"es-ES\"},{\"@type\":\"Organization\",\"@id\":\"https:\\\/\\\/www.seabookings.com\\\/de\\\/#organization\",\"name\":\"SeaBookings\",\"url\":\"https:\\\/\\\/www.seabookings.com\\\/de\\\/\",\"logo\":{\"@type\":\"ImageObject\",\"inLanguage\":\"es-ES\",\"@id\":\"https:\\\/\\\/www.seabookings.com\\\/de\\\/#\\\/schema\\\/logo\\\/image\\\/\",\"url\":\"https:\\\/\\\/www.seabookings.com\\\/wp-content\\\/uploads\\\/seabookings_logo.svg\",\"contentUrl\":\"https:\\\/\\\/www.seabookings.com\\\/wp-content\\\/uploads\\\/seabookings_logo.svg\",\"width\":252,\"height\":43,\"caption\":\"SeaBookings\"},\"image\":{\"@id\":\"https:\\\/\\\/www.seabookings.com\\\/de\\\/#\\\/schema\\\/logo\\\/image\\\/\"},\"sameAs\":[\"https:\\\/\\\/www.facebook.com\\\/seabookings\",\"https:\\\/\\\/x.com\\\/seabookings\",\"https:\\\/\\\/www.instagram.com\\\/seabookings\\\/\",\"https:\\\/\\\/www.tiktok.com\\\/@seabookings\"],\"description\":\"SeaBookings is a unique resource to discover & compare the best watersports and boat tours.\",\"email\":\"info@seabookings.com\",\"legalName\":\"Seabookings, LDA\",\"foundingDate\":\"2014-02-14\",\"vatID\":\"PT514063068\",\"numberOfEmployees\":{\"@type\":\"QuantitativeValue\",\"minValue\":\"1\",\"maxValue\":\"10\"}}]}<\/script>\n<!-- \/ Yoast SEO Premium plugin. -->","yoast_head_json":{"title":"Condiciones de servicio de SeaBookings para empresas - SeaBookings","robots":{"index":"index","follow":"follow","max-snippet":"max-snippet:-1","max-image-preview":"max-image-preview:large","max-video-preview":"max-video-preview:-1"},"canonical":"https:\/\/www.seabookings.com\/es\/mtos\/","og_locale":"es_ES","og_type":"article","og_title":"SeaBookings Terms of Service for Businesses","og_description":"Last updated: November 2024 1. Introduction SeaBookings is an online directory of sea experiences and its providers. These Terms of Service for MTOs (Maritime Tour Operators) apply to the contracts between SeaBookings and the suppliers of tours and activities &#8211; the MTOs.&nbsp; The terms \u201cwe\u201d, \u201cus\u201d, \u201cour\u201d and \u201cSeaBookings.com\u201d refer to SEABOOKINGS, UNIPESSOAL LDA, a [&hellip;]","og_url":"https:\/\/www.seabookings.com\/es\/mtos\/","og_site_name":"SeaBookings","article_publisher":"https:\/\/www.facebook.com\/seabookings","article_modified_time":"2024-11-13T15:04:56+00:00","og_image":[{"width":720,"height":274,"url":"https:\/\/www.seabookings.com\/wp-content\/uploads\/2024\/11\/facebook_cover_720.webp","type":"image\/webp"}],"twitter_card":"summary_large_image","twitter_site":"@seabookings","twitter_misc":{"Est. reading time":"6 minutes"},"schema":{"@context":"https:\/\/schema.org","@graph":[{"@type":"WebPage","@id":"https:\/\/www.seabookings.com\/mtos\/","url":"https:\/\/www.seabookings.com\/mtos\/","name":"Condiciones de servicio de SeaBookings para empresas - SeaBookings","isPartOf":{"@id":"https:\/\/www.seabookings.com\/de\/#website"},"datePublished":"2024-09-28T06:40:19+00:00","dateModified":"2024-11-13T15:04:56+00:00","breadcrumb":{"@id":"https:\/\/www.seabookings.com\/mtos\/#breadcrumb"},"inLanguage":"es-ES","potentialAction":[{"@type":"ReadAction","target":["https:\/\/www.seabookings.com\/mtos\/"]}]},{"@type":"BreadcrumbList","@id":"https:\/\/www.seabookings.com\/mtos\/#breadcrumb","itemListElement":[{"@type":"ListItem","position":1,"name":"Home","item":"https:\/\/www.seabookings.com\/nl\/"},{"@type":"ListItem","position":2,"name":"SeaBookings Terms of Service for Businesses"}]},{"@type":"WebSite","@id":"https:\/\/www.seabookings.com\/de\/#website","url":"https:\/\/www.seabookings.com\/de\/","name":"SeaBookings","description":"Deportes acu\u00e1ticos y paseos en barco","publisher":{"@id":"https:\/\/www.seabookings.com\/de\/#organization"},"potentialAction":[{"@type":"SearchAction","target":{"@type":"EntryPoint","urlTemplate":"https:\/\/www.seabookings.com\/de\/?s={search_term_string}"},"query-input":{"@type":"PropertyValueSpecification","valueRequired":true,"valueName":"search_term_string"}}],"inLanguage":"es-ES"},{"@type":"Organization","@id":"https:\/\/www.seabookings.com\/de\/#organization","name":"SeaBookings","url":"https:\/\/www.seabookings.com\/de\/","logo":{"@type":"ImageObject","inLanguage":"es-ES","@id":"https:\/\/www.seabookings.com\/de\/#\/schema\/logo\/image\/","url":"https:\/\/www.seabookings.com\/wp-content\/uploads\/seabookings_logo.svg","contentUrl":"https:\/\/www.seabookings.com\/wp-content\/uploads\/seabookings_logo.svg","width":252,"height":43,"caption":"SeaBookings"},"image":{"@id":"https:\/\/www.seabookings.com\/de\/#\/schema\/logo\/image\/"},"sameAs":["https:\/\/www.facebook.com\/seabookings","https:\/\/x.com\/seabookings","https:\/\/www.instagram.com\/seabookings\/","https:\/\/www.tiktok.com\/@seabookings"],"description":"SeaBookings es un recurso \u00fanico para descubrir y comparar los mejores deportes acu\u00e1ticos y excursiones en barco.","email":"info@seabookings.com","legalName":"Seabookings, LDA","foundingDate":"2014-02-14","vatID":"PT514063068","numberOfEmployees":{"@type":"QuantitativeValue","minValue":"1","maxValue":"10"}}]}},"_links":{"self":[{"href":"https:\/\/www.seabookings.com\/es\/wp-json\/wp\/v2\/pages\/501","targetHints":{"allow":["GET"]}}],"collection":[{"href":"https:\/\/www.seabookings.com\/es\/wp-json\/wp\/v2\/pages"}],"about":[{"href":"https:\/\/www.seabookings.com\/es\/wp-json\/wp\/v2\/types\/page"}],"author":[{"embeddable":true,"href":"https:\/\/www.seabookings.com\/es\/wp-json\/wp\/v2\/users\/1"}],"replies":[{"embeddable":true,"href":"https:\/\/www.seabookings.com\/es\/wp-json\/wp\/v2\/comments?post=501"}],"version-history":[{"count":2,"href":"https:\/\/www.seabookings.com\/es\/wp-json\/wp\/v2\/pages\/501\/revisions"}],"predecessor-version":[{"id":61480,"href":"https:\/\/www.seabookings.com\/es\/wp-json\/wp\/v2\/pages\/501\/revisions\/61480"}],"wp:attachment":[{"href":"https:\/\/www.seabookings.com\/es\/wp-json\/wp\/v2\/media?parent=501"}],"wp:term":[{"taxonomy":"destination","embeddable":true,"href":"https:\/\/www.seabookings.com\/es\/wp-json\/wp\/v2\/destination?post=501"}],"curies":[{"name":"wp","href":"https:\/\/api.w.org\/{rel}","templated":true}]}}