{"id":499,"date":"2024-09-28T06:22:16","date_gmt":"2024-09-28T06:22:16","guid":{"rendered":"https:\/\/seabookings.com"},"modified":"2024-11-13T15:01:20","modified_gmt":"2024-11-13T15:01:20","slug":"pp","status":"publish","type":"page","link":"https:\/\/www.seabookings.com\/es\/pp\/","title":{"rendered":"Pol\u00edtica de privacidad"},"content":{"rendered":"<p>\u00daltima actualizaci\u00f3n: Noviembre 2024<\/p>\n\n\n\n<h2 class=\"wp-block-heading\">1. Introducci\u00f3n<\/h2>\n\n\n\n<p>Respetamos su privacidad y nos comprometemos a proteger sus datos personales. Esta Pol\u00edtica de Privacidad describe c\u00f3mo recogemos, utilizamos y protegemos su informaci\u00f3n cuando utiliza el directorio SeaBookings. Al utilizar nuestro sitio web, usted acepta las pr\u00e1cticas aqu\u00ed descritas.<\/p>\n\n\n\n<h2 class=\"wp-block-heading\">2. Informaci\u00f3n que recopilamos<\/h2>\n\n\n\n<p>Recopilamos informaci\u00f3n personal que usted nos proporciona directamente, as\u00ed como informaci\u00f3n que se recoge autom\u00e1ticamente cuando utiliza nuestra plataforma:<\/p>\n\n\n\n<ul class=\"wp-block-list\">\n<li><strong>Datos personales<\/strong>: Esto incluye informaci\u00f3n como su nombre, direcci\u00f3n de correo electr\u00f3nico y cualquier otro dato que nos proporcione cuando se ponga en contacto con nosotros o interact\u00fae con nuestro directorio.<\/li>\n\n\n\n<li><strong>Datos de uso<\/strong>: Recopilamos informaci\u00f3n sobre c\u00f3mo utiliza nuestro sitio web, incluida su direcci\u00f3n IP, tipo de navegador, p\u00e1ginas visitadas, tiempo de permanencia en nuestro sitio y otros datos anal\u00edticos que nos ayudan a mejorar la experiencia del usuario.<\/li>\n<\/ul>\n\n\n\n<h2 class=\"wp-block-heading\">3. C\u00f3mo utilizamos su informaci\u00f3n<\/h2>\n\n\n\n<p>Utilizamos la informaci\u00f3n que recopilamos con varios fines:<\/p>\n\n\n\n<ul class=\"wp-block-list\">\n<li><strong>Prestaci\u00f3n de servicios<\/strong>: Para ayudarle a navegar por nuestro directorio y ponerle en contacto con las experiencias que figuran en \u00e9l.<\/li>\n\n\n\n<li><strong>Comunicaci\u00f3n<\/strong>: Para responder a sus consultas o proporcionarle informaci\u00f3n actualizada sobre nuestros servicios.<\/li>\n\n\n\n<li><strong>Mejorar nuestra plataforma<\/strong>: Para analizar las tendencias de uso y mejorar la funcionalidad y la experiencia del usuario de nuestro sitio web.<\/li>\n\n\n\n<li><strong>Obligaciones legales<\/strong>: Para cumplir con requisitos legales o para proteger nuestros derechos y la seguridad de nuestra plataforma.<\/li>\n<\/ul>\n\n\n\n<h2 class=\"wp-block-heading\">4. Compartir su informaci\u00f3n<\/h2>\n\n\n\n<p>No vendemos ni alquilamos sus datos personales a terceros. Sin embargo, podemos compartir su informaci\u00f3n en los siguientes casos:<\/p>\n\n\n\n<ul class=\"wp-block-list\">\n<li><strong>Proveedores de servicios<\/strong>: Podemos compartir sus datos con terceros proveedores de servicios de confianza que nos ayudan a gestionar nuestro sitio web o a prestarle servicios (por ejemplo, servicios de alojamiento, herramientas de an\u00e1lisis).<\/li>\n\n\n\n<li><strong>Cumplimiento legal<\/strong>: Podemos revelar sus datos si as\u00ed lo exige la ley o para responder a procesos legales v\u00e1lidos.<\/li>\n<\/ul>\n\n\n\n<h2 class=\"wp-block-heading\">5. Divulgaci\u00f3n de enlaces de afiliados<\/h2>\n\n\n\n<p>Nuestro sitio web contiene enlaces de afiliados, lo que significa que podemos ganar una comisi\u00f3n cuando usted hace clic en estos enlaces y completa una reserva o compra. Esto no afecta al precio que usted paga. Tenga en cuenta que al seguir enlaces de afiliados, los sitios web de terceros pueden recopilar informaci\u00f3n sobre usted de acuerdo con sus propias pol\u00edticas de privacidad. Recomendamos revisar las pr\u00e1cticas de privacidad de cualquier sitio web de terceros antes de continuar.<\/p>\n\n\n\n<h2 class=\"wp-block-heading\">6. Cookies y tecnolog\u00edas de seguimiento<\/h2>\n\n\n\n<p>Utilizamos cookies y tecnolog\u00edas de seguimiento similares para recopilar informaci\u00f3n y mejorar su experiencia. Las cookies son peque\u00f1os archivos de datos que se almacenan en su dispositivo. Puede gestionar sus preferencias de cookies a trav\u00e9s de la configuraci\u00f3n de su navegador, pero desactivar las cookies puede afectar a la funcionalidad del sitio.<\/p>\n\n\n\n<h2 class=\"wp-block-heading\">7. 7. Seguridad de los datos<\/h2>\n\n\n\n<p>Tomamos precauciones razonables para proteger sus datos personales del acceso, uso o divulgaci\u00f3n no autorizados. Sin embargo, ning\u00fan m\u00e9todo de transmisi\u00f3n a trav\u00e9s de Internet o m\u00e9todo de almacenamiento electr\u00f3nico es completamente seguro, y no podemos garantizar la seguridad absoluta de sus datos.<\/p>\n\n\n\n<h2 class=\"wp-block-heading\">8. Sus derechos<\/h2>\n\n\n\n<p>Tienes derecho a:<\/p>\n\n\n\n<ul class=\"wp-block-list\">\n<li>Acceder a los datos personales que tenemos sobre usted.<\/li>\n\n\n\n<li>Solicitar la correcci\u00f3n de cualquier informaci\u00f3n inexacta.<\/li>\n\n\n\n<li>Solicitar la supresi\u00f3n de sus datos personales, con sujeci\u00f3n a determinadas obligaciones legales.<\/li>\n\n\n\n<li>Retirar su consentimiento al tratamiento de datos cuando proceda.<\/li>\n<\/ul>\n\n\n\n<p>Para ejercer cualquiera de estos derechos, p\u00f3ngase en contacto con nosotros utilizando la informaci\u00f3n que se facilita a continuaci\u00f3n.<\/p>\n\n\n\n<h2 class=\"wp-block-heading\">9. Enlaces de terceros<\/h2>\n\n\n\n<p>Nuestro directorio puede incluir enlaces a sitios web de terceros, incluido GetYourGuide. No somos responsables de las pr\u00e1cticas de privacidad de esos sitios web. Le recomendamos que revise sus pol\u00edticas de privacidad cuando visite estos sitios.<\/p>\n\n\n\n<h2 class=\"wp-block-heading\">10. Cambios en esta pol\u00edtica de privacidad<\/h2>\n\n\n\n<p>Nos reservamos el derecho a actualizar esta Pol\u00edtica de Privacidad en cualquier momento. Cualquier cambio ser\u00e1 publicado en esta p\u00e1gina, y notificaremos a los usuarios a trav\u00e9s de nuestro sitio web u otros canales de comunicaci\u00f3n. La pol\u00edtica actualizada entrar\u00e1 en vigor inmediatamente despu\u00e9s de su publicaci\u00f3n.<\/p>\n\n\n\n<h2 class=\"wp-block-heading\">11. Contacto<\/h2>\n\n\n\n<p>Si tiene alguna pregunta o duda sobre esta Pol\u00edtica de privacidad o sobre c\u00f3mo tratamos sus datos personales, p\u00f3ngase en contacto con nosotros.<\/p>","protected":false},"excerpt":{"rendered":"<p>Last updated: November 2024 1. Introduction We respect your privacy and are committed to protecting your personal data. This Privacy Policy outlines how we collect, use, and protect your information when you use the SeaBookings directory. By using our website, you agree to the practices described here. 2. Information We Collect We collect personal information [&hellip;]<\/p>\n","protected":false},"author":1,"featured_media":0,"parent":0,"menu_order":0,"comment_status":"closed","ping_status":"closed","template":"","meta":{"_acf_changed":false,"footnotes":""},"destination":[],"class_list":["post-499","page","type-page","status-publish","hentry"],"acf":[],"yoast_head":"<!-- This site is optimized with the Yoast SEO Premium plugin v27.4 (Yoast SEO v27.4) - https:\/\/yoast.com\/product\/yoast-seo-premium-wordpress\/ -->\n<title>Privacy Policy - SeaBookings<\/title>\n<meta name=\"robots\" content=\"index, follow, max-snippet:-1, max-image-preview:large, max-video-preview:-1\" \/>\n<link rel=\"canonical\" href=\"https:\/\/www.seabookings.com\/es\/pp\/\" \/>\n<meta property=\"og:locale\" content=\"es_ES\" \/>\n<meta property=\"og:type\" content=\"article\" \/>\n<meta property=\"og:title\" content=\"Privacy Policy\" \/>\n<meta property=\"og:description\" content=\"Last updated: November 2024 1. Introduction We respect your privacy and are committed to protecting your personal data. This Privacy Policy outlines how we collect, use, and protect your information when you use the SeaBookings directory. By using our website, you agree to the practices described here. 2. Information We Collect We collect personal information [&hellip;]\" \/>\n<meta property=\"og:url\" content=\"https:\/\/www.seabookings.com\/es\/pp\/\" \/>\n<meta property=\"og:site_name\" content=\"SeaBookings\" \/>\n<meta property=\"article:publisher\" content=\"https:\/\/www.facebook.com\/seabookings\" \/>\n<meta property=\"article:modified_time\" content=\"2024-11-13T15:01:20+00:00\" \/>\n<meta property=\"og:image\" content=\"https:\/\/www.seabookings.com\/wp-content\/uploads\/2024\/11\/facebook_cover_720.webp\" \/>\n\t<meta property=\"og:image:width\" content=\"720\" \/>\n\t<meta property=\"og:image:height\" content=\"274\" \/>\n\t<meta property=\"og:image:type\" content=\"image\/webp\" \/>\n<meta name=\"twitter:card\" content=\"summary_large_image\" \/>\n<meta name=\"twitter:site\" content=\"@seabookings\" \/>\n<meta name=\"twitter:label1\" content=\"Est. reading time\" \/>\n\t<meta name=\"twitter:data1\" content=\"3 minutes\" \/>\n<script type=\"application\/ld+json\" class=\"yoast-schema-graph\">{\"@context\":\"https:\\\/\\\/schema.org\",\"@graph\":[{\"@type\":\"WebPage\",\"@id\":\"https:\\\/\\\/www.seabookings.com\\\/pp\\\/\",\"url\":\"https:\\\/\\\/www.seabookings.com\\\/pp\\\/\",\"name\":\"Privacy Policy - SeaBookings\",\"isPartOf\":{\"@id\":\"https:\\\/\\\/www.seabookings.com\\\/de\\\/#website\"},\"datePublished\":\"2024-09-28T06:22:16+00:00\",\"dateModified\":\"2024-11-13T15:01:20+00:00\",\"breadcrumb\":{\"@id\":\"https:\\\/\\\/www.seabookings.com\\\/pp\\\/#breadcrumb\"},\"inLanguage\":\"es-ES\",\"potentialAction\":[{\"@type\":\"ReadAction\",\"target\":[\"https:\\\/\\\/www.seabookings.com\\\/pp\\\/\"]}]},{\"@type\":\"BreadcrumbList\",\"@id\":\"https:\\\/\\\/www.seabookings.com\\\/pp\\\/#breadcrumb\",\"itemListElement\":[{\"@type\":\"ListItem\",\"position\":1,\"name\":\"Home\",\"item\":\"https:\\\/\\\/www.seabookings.com\\\/nl\\\/\"},{\"@type\":\"ListItem\",\"position\":2,\"name\":\"Privacy Policy\"}]},{\"@type\":\"WebSite\",\"@id\":\"https:\\\/\\\/www.seabookings.com\\\/de\\\/#website\",\"url\":\"https:\\\/\\\/www.seabookings.com\\\/de\\\/\",\"name\":\"SeaBookings\",\"description\":\"Watersports &amp; Boat tours\",\"publisher\":{\"@id\":\"https:\\\/\\\/www.seabookings.com\\\/de\\\/#organization\"},\"potentialAction\":[{\"@type\":\"SearchAction\",\"target\":{\"@type\":\"EntryPoint\",\"urlTemplate\":\"https:\\\/\\\/www.seabookings.com\\\/de\\\/?s={search_term_string}\"},\"query-input\":{\"@type\":\"PropertyValueSpecification\",\"valueRequired\":true,\"valueName\":\"search_term_string\"}}],\"inLanguage\":\"es-ES\"},{\"@type\":\"Organization\",\"@id\":\"https:\\\/\\\/www.seabookings.com\\\/de\\\/#organization\",\"name\":\"SeaBookings\",\"url\":\"https:\\\/\\\/www.seabookings.com\\\/de\\\/\",\"logo\":{\"@type\":\"ImageObject\",\"inLanguage\":\"es-ES\",\"@id\":\"https:\\\/\\\/www.seabookings.com\\\/de\\\/#\\\/schema\\\/logo\\\/image\\\/\",\"url\":\"https:\\\/\\\/www.seabookings.com\\\/wp-content\\\/uploads\\\/seabookings_logo.svg\",\"contentUrl\":\"https:\\\/\\\/www.seabookings.com\\\/wp-content\\\/uploads\\\/seabookings_logo.svg\",\"width\":252,\"height\":43,\"caption\":\"SeaBookings\"},\"image\":{\"@id\":\"https:\\\/\\\/www.seabookings.com\\\/de\\\/#\\\/schema\\\/logo\\\/image\\\/\"},\"sameAs\":[\"https:\\\/\\\/www.facebook.com\\\/seabookings\",\"https:\\\/\\\/x.com\\\/seabookings\",\"https:\\\/\\\/www.instagram.com\\\/seabookings\\\/\",\"https:\\\/\\\/www.tiktok.com\\\/@seabookings\"],\"description\":\"SeaBookings is a unique resource to discover & compare the best watersports and boat tours.\",\"email\":\"info@seabookings.com\",\"legalName\":\"Seabookings, LDA\",\"foundingDate\":\"2014-02-14\",\"vatID\":\"PT514063068\",\"numberOfEmployees\":{\"@type\":\"QuantitativeValue\",\"minValue\":\"1\",\"maxValue\":\"10\"}}]}<\/script>\n<!-- \/ Yoast SEO Premium plugin. -->","yoast_head_json":{"title":"Pol\u00edtica de privacidad - SeaBookings","robots":{"index":"index","follow":"follow","max-snippet":"max-snippet:-1","max-image-preview":"max-image-preview:large","max-video-preview":"max-video-preview:-1"},"canonical":"https:\/\/www.seabookings.com\/es\/pp\/","og_locale":"es_ES","og_type":"article","og_title":"Privacy Policy","og_description":"Last updated: November 2024 1. Introduction We respect your privacy and are committed to protecting your personal data. This Privacy Policy outlines how we collect, use, and protect your information when you use the SeaBookings directory. By using our website, you agree to the practices described here. 2. Information We Collect We collect personal information [&hellip;]","og_url":"https:\/\/www.seabookings.com\/es\/pp\/","og_site_name":"SeaBookings","article_publisher":"https:\/\/www.facebook.com\/seabookings","article_modified_time":"2024-11-13T15:01:20+00:00","og_image":[{"width":720,"height":274,"url":"https:\/\/www.seabookings.com\/wp-content\/uploads\/2024\/11\/facebook_cover_720.webp","type":"image\/webp"}],"twitter_card":"summary_large_image","twitter_site":"@seabookings","twitter_misc":{"Est. reading time":"3 minutes"},"schema":{"@context":"https:\/\/schema.org","@graph":[{"@type":"WebPage","@id":"https:\/\/www.seabookings.com\/pp\/","url":"https:\/\/www.seabookings.com\/pp\/","name":"Pol\u00edtica de privacidad - SeaBookings","isPartOf":{"@id":"https:\/\/www.seabookings.com\/de\/#website"},"datePublished":"2024-09-28T06:22:16+00:00","dateModified":"2024-11-13T15:01:20+00:00","breadcrumb":{"@id":"https:\/\/www.seabookings.com\/pp\/#breadcrumb"},"inLanguage":"es-ES","potentialAction":[{"@type":"ReadAction","target":["https:\/\/www.seabookings.com\/pp\/"]}]},{"@type":"BreadcrumbList","@id":"https:\/\/www.seabookings.com\/pp\/#breadcrumb","itemListElement":[{"@type":"ListItem","position":1,"name":"Home","item":"https:\/\/www.seabookings.com\/nl\/"},{"@type":"ListItem","position":2,"name":"Privacy Policy"}]},{"@type":"WebSite","@id":"https:\/\/www.seabookings.com\/de\/#website","url":"https:\/\/www.seabookings.com\/de\/","name":"SeaBookings","description":"Deportes acu\u00e1ticos y paseos en barco","publisher":{"@id":"https:\/\/www.seabookings.com\/de\/#organization"},"potentialAction":[{"@type":"SearchAction","target":{"@type":"EntryPoint","urlTemplate":"https:\/\/www.seabookings.com\/de\/?s={search_term_string}"},"query-input":{"@type":"PropertyValueSpecification","valueRequired":true,"valueName":"search_term_string"}}],"inLanguage":"es-ES"},{"@type":"Organization","@id":"https:\/\/www.seabookings.com\/de\/#organization","name":"SeaBookings","url":"https:\/\/www.seabookings.com\/de\/","logo":{"@type":"ImageObject","inLanguage":"es-ES","@id":"https:\/\/www.seabookings.com\/de\/#\/schema\/logo\/image\/","url":"https:\/\/www.seabookings.com\/wp-content\/uploads\/seabookings_logo.svg","contentUrl":"https:\/\/www.seabookings.com\/wp-content\/uploads\/seabookings_logo.svg","width":252,"height":43,"caption":"SeaBookings"},"image":{"@id":"https:\/\/www.seabookings.com\/de\/#\/schema\/logo\/image\/"},"sameAs":["https:\/\/www.facebook.com\/seabookings","https:\/\/x.com\/seabookings","https:\/\/www.instagram.com\/seabookings\/","https:\/\/www.tiktok.com\/@seabookings"],"description":"SeaBookings es un recurso \u00fanico para descubrir y comparar los mejores deportes acu\u00e1ticos y excursiones en barco.","email":"info@seabookings.com","legalName":"Seabookings, LDA","foundingDate":"2014-02-14","vatID":"PT514063068","numberOfEmployees":{"@type":"QuantitativeValue","minValue":"1","maxValue":"10"}}]}},"_links":{"self":[{"href":"https:\/\/www.seabookings.com\/es\/wp-json\/wp\/v2\/pages\/499","targetHints":{"allow":["GET"]}}],"collection":[{"href":"https:\/\/www.seabookings.com\/es\/wp-json\/wp\/v2\/pages"}],"about":[{"href":"https:\/\/www.seabookings.com\/es\/wp-json\/wp\/v2\/types\/page"}],"author":[{"embeddable":true,"href":"https:\/\/www.seabookings.com\/es\/wp-json\/wp\/v2\/users\/1"}],"replies":[{"embeddable":true,"href":"https:\/\/www.seabookings.com\/es\/wp-json\/wp\/v2\/comments?post=499"}],"version-history":[{"count":2,"href":"https:\/\/www.seabookings.com\/es\/wp-json\/wp\/v2\/pages\/499\/revisions"}],"predecessor-version":[{"id":61478,"href":"https:\/\/www.seabookings.com\/es\/wp-json\/wp\/v2\/pages\/499\/revisions\/61478"}],"wp:attachment":[{"href":"https:\/\/www.seabookings.com\/es\/wp-json\/wp\/v2\/media?parent=499"}],"wp:term":[{"taxonomy":"destination","embeddable":true,"href":"https:\/\/www.seabookings.com\/es\/wp-json\/wp\/v2\/destination?post=499"}],"curies":[{"name":"wp","href":"https:\/\/api.w.org\/{rel}","templated":true}]}}