{"id":497,"date":"2024-09-28T06:20:41","date_gmt":"2024-09-28T06:20:41","guid":{"rendered":"https:\/\/seabookings.com"},"modified":"2024-11-13T15:03:33","modified_gmt":"2024-11-13T15:03:33","slug":"tos","status":"publish","type":"page","link":"https:\/\/www.seabookings.com\/de\/tos\/","title":{"rendered":"Bedingungen der Dienstleistung"},"content":{"rendered":"<p>Zuletzt aktualisiert: November 2024<\/p>\n\n\n\n<h2 class=\"wp-block-heading\">1. Einleitung<\/h2>\n\n\n\n<p>SeaBookings ist ein Online-Verzeichnis von Meereserlebnissen und deren Anbietern.<\/p>\n\n\n\n<p>Die Begriffe \"wir\", \"uns\", \"unser\" und \"SeaBookings\" beziehen sich auf SEABOOKINGS, UNIPESSOAL LDA, eine portugiesische Gesellschaft. Der Begriff \"Sie\" bezieht sich auf den Benutzer, der die Website besucht.<\/p>\n\n\n\n<p>Diese Nutzungsbedingungen (die \"Vereinbarung\") gelten zusammen mit unserer Datenschutzrichtlinie f\u00fcr jede Nutzung der Website. Jeder darf die Website unter der Voraussetzung nutzen, dass er die Nutzungsbedingungen und die Datenschutzrichtlinie akzeptiert. Jegliche Nutzung der Website bedeutet, dass Sie die Nutzungsbedingungen und die Datenschutzrichtlinie, die beide in englischer Sprache abgefasst sind, gelesen und verstanden haben und sich damit einverstanden erkl\u00e4ren, an diese Vereinbarung gebunden zu sein. Da unsere offizielle Sprache Englisch ist, ist diese Vereinbarung nur in englischer Sprache verf\u00fcgbar und wir gehen davon aus, dass Sie sie verstehen. Bitte lesen Sie die Vereinbarung sorgf\u00e4ltig durch.<\/p>\n\n\n\n<h2 class=\"wp-block-heading\">2. Art der Dienstleistung<\/h2>\n\n\n\n<p>Unser Verzeichnis bietet eine Auflistung von verschiedenen Meereserlebnissen und deren lokalen Anbietern. Wir verbinden Nutzer mit Unternehmen, die diese Erlebnisse anbieten, aber wir verwalten keine Buchungen, Zahlungen oder irgendeinen Teil des Transaktionsprozesses. Wenn Sie unser Verzeichnis nutzen, sind Sie daf\u00fcr verantwortlich, direkt mit den aufgef\u00fchrten Unternehmen zu interagieren.<\/p>\n\n\n\n<h2 class=\"wp-block-heading\">3. Nicht-verst\u00e4rkte Erlebnisse<\/h2>\n\n\n\n<p>Einige Erlebnisse enthalten m\u00f6glicherweise keine direkten Links zur Website des Reiseanbieters. In solchen F\u00e4llen leiten wir Sie zu dem entsprechenden Erlebnis auf <strong>GetYourGuide<\/strong>. Von dem Moment an, in dem Sie unsere Website verlassen, <strong>GetYourGuide's<\/strong> F\u00fcr Ihre Buchung und Interaktion gelten die Allgemeinen Gesch\u00e4ftsbedingungen.<\/p>\n\n\n\n<h2 class=\"wp-block-heading\">4. Verantwortlichkeiten der Benutzer<\/h2>\n\n\n\n<p>Als Nutzer unserer Plattform erkl\u00e4ren Sie sich damit einverstanden:<\/p>\n\n\n\n<ul class=\"wp-block-list\">\n<li>Geben Sie bei Kontakten mit Unternehmen genaue Informationen.<\/li>\n\n\n\n<li>Beachten Sie die zus\u00e4tzlichen Nutzungsbedingungen der aufgef\u00fchrten Unternehmen.<\/li>\n\n\n\n<li>Respektieren Sie die Regeln und Richtlinien unserer Plattform.<\/li>\n<\/ul>\n\n\n\n<h2 class=\"wp-block-heading\">5. Begrenzung der Haftung<\/h2>\n\n\n\n<p>Wir fungieren als Verzeichnis und sind nicht verantwortlich f\u00fcr die tats\u00e4chliche Durchf\u00fchrung der Erlebnisse oder f\u00fcr die Beilegung von Streitigkeiten zwischen Nutzern und Unternehmen. Alle Fragen zu Buchungen, Stornierungen oder anderen Anliegen m\u00fcssen direkt mit dem Unternehmen gekl\u00e4rt werden, das das Erlebnis anbietet.<br>Wir haften nicht f\u00fcr Verluste, Sch\u00e4den oder Beeintr\u00e4chtigungen, die durch die Nutzung unseres Verzeichnisses oder der Dienste von Drittanbietern entstehen k\u00f6nnen.<\/p>\n\n\n\n<h2 class=\"wp-block-heading\">6. Offenlegung von Partnerlinks&nbsp;<\/h2>\n\n\n\n<p>Wir haben in unserem Verzeichnis Partnerlinks aufgenommen. Wenn Sie auf einen dieser Links klicken und einen Kauf oder eine Buchung t\u00e4tigen, erhalten wir m\u00f6glicherweise eine Provision, ohne dass Ihnen zus\u00e4tzliche Kosten entstehen. Partner-Links tragen zur Unterst\u00fctzung unserer Plattform bei und erm\u00f6glichen es uns, diesen Service weiterhin anzubieten. Sie haben jedoch keinen Einfluss auf den Inhalt oder die Auflistung auf unserer Seite, und wir bleiben bei der Pr\u00e4sentation von Erfahrungen und Unternehmen unparteiisch.<\/p>\n\n\n\n<h2 class=\"wp-block-heading\">7. \u00dcbersetzungen<\/h2>\n\n\n\n<p>Alle \u00dcbersetzungen auf unserer Plattform werden von einem externen Dienst bereitgestellt, der auf KI basiert. Obwohl wir uns um Genauigkeit bem\u00fchen, k\u00f6nnen wir keine fehlerfreien \u00dcbersetzungen garantieren. Nutzer sollten wichtige Details bei Bedarf mit dem Reiseanbieter abkl\u00e4ren.<\/p>\n\n\n\n<h2 class=\"wp-block-heading\">8. Bewertungen<\/h2>\n\n\n\n<p>Die auf unserem Portal angezeigten Bewertungen k\u00f6nnen aus verschiedenen Quellen stammen, darunter Google Business, Get Your Guide und Viator, um den Nutzern einen unvoreingenommenen \u00dcberblick \u00fcber die Dienstleistungen des Anbieters und die Erfahrungen fr\u00fcherer Kunden zu bieten.<\/p>\n\n\n\n<h2 class=\"wp-block-heading\">9. Buchungsservice f\u00fcr Veranstaltungen auf See&nbsp;<\/h2>\n\n\n\n<p>Neben unserem Seefahrtsverzeichnis sind wir darauf spezialisiert, Gruppen bei der Organisation von Bootsveranstaltungen zu helfen, z. B. bei Hochzeitsfeiern, Junggesellenabschieden, Geburtstagen und Networking-Events. Wir arbeiten ausschlie\u00dflich mit vertrauensw\u00fcrdigen Partnern zusammen, die sich in der Vergangenheit bew\u00e4hrt haben. Wir helfen bei der Auswahl des idealen Bootes und organisieren zus\u00e4tzliche Dienstleistungen wie Catering, Live-Musik, Fotografie und andere gew\u00fcnschte Zusatzleistungen. F\u00fcr diesen Service gelten die folgenden Bedingungen:<\/p>\n\n\n\n<ol class=\"wp-block-list\">\n<li><strong>Rolle und Verantwortung<\/strong>: Unsere Aufgabe ist es, den Buchungsprozess in Ihrem Namen zu verwalten. Wir agieren lediglich als Vermittler zwischen Ihnen und dem \u00f6rtlichen Reiseanbieter. Der lokale Anbieter ist f\u00fcr die Erbringung der Veranstaltungsleistungen verantwortlich, einschlie\u00dflich, aber nicht beschr\u00e4nkt auf die Bootsmiete und alle von Ihnen gew\u00e4hlten Zusatzleistungen.<\/li>\n\n\n\n<li><strong>Stornierungspolitik<\/strong>: Die Stornierungsbedingungen werden vom \u00f6rtlichen Reiseveranstalter festgelegt und variieren je nach Partner. Die genauen Stornobedingungen werden in Ihrer Buchungsbest\u00e4tigung aufgef\u00fchrt. Bitte \u00fcberpr\u00fcfen Sie diese Bedingungen sorgf\u00e4ltig, da sie Geb\u00fchren oder nicht erstattungsf\u00e4hige Kautionen enthalten k\u00f6nnen.<\/li>\n\n\n\n<li><strong>Haftung<\/strong>: Unsere Agentur ist nicht f\u00fcr die Erbringung der Veranstaltungsleistungen selbst verantwortlich. Jegliche Anspr\u00fcche, Bedenken oder Streitigkeiten im Zusammenhang mit der Veranstaltung m\u00fcssen an den \u00f6rtlichen Reiseveranstalter gerichtet werden. Wir \u00fcbernehmen keine Haftung f\u00fcr Probleme im Zusammenhang mit der Leistungserbringung, einschlie\u00dflich, aber nicht beschr\u00e4nkt auf Sicherheit, Qualit\u00e4t oder Einhaltung von Gesetzen.<\/li>\n\n\n\n<li><strong>Versicherung und Rechtskonformit\u00e4t<\/strong>: Der \u00f6rtliche Reiseveranstalter ist daf\u00fcr verantwortlich, dass der erforderliche Versicherungsschutz besteht und die Veranstaltung allen geltenden \u00f6rtlichen Gesetzen und Vorschriften entspricht. Wir empfehlen Ihnen, diese Details direkt mit dem Anbieter zu kl\u00e4ren, wenn Sie bestimmte Bedenken haben.<\/li>\n<\/ol>\n\n\n\n<h2 class=\"wp-block-heading\">10. Verwendung von Informationen<\/h2>\n\n\n\n<p>Wir stellen Unternehmensprofile und Informationen als Referenz zur Verf\u00fcgung. Obwohl wir uns um Genauigkeit bem\u00fchen, k\u00f6nnen wir nicht garantieren, dass alle Informationen aktuell oder korrekt sind. Es liegt in der Verantwortung der Nutzer, die Details vor der Buchung direkt mit dem Unternehmen zu \u00fcberpr\u00fcfen.<\/p>\n\n\n\n<h2 class=\"wp-block-heading\">11. Links zu Websites Dritter<\/h2>\n\n\n\n<p>Die Website kann Hyperlinks zu Websites enthalten, die von Drittparteien betrieben werden. Wir \u00fcbernehmen keine Verantwortung f\u00fcr Inhalte Dritter, die auf der Website verf\u00fcgbar sind, und f\u00fcr Inhalte, die mit der Website verlinkt sind. Wir machen uns diese Inhalte nicht zu eigen und \u00fcbernehmen keine Haftung f\u00fcr diese Inhalte. Die Nutzung von Websites Dritter erfolgt auf Ihr eigenes Risiko. Wenn Sie der Meinung sind, dass wir unzul\u00e4ssige Inhalte auf der Website haben, senden Sie bitte eine E-Mail an <a href=\"mailto:info@seabookings.com\">info@seabookings.com<\/a>.<\/p>\n\n\n\n<h2 class=\"wp-block-heading\">12. Verwendung von Daten f\u00fcr Marketingzwecke<\/h2>\n\n\n\n<p>SeaBookings verwendet die Daten der Nutzer f\u00fcr Marketingaktivit\u00e4ten, z. B. f\u00fcr den Versand von E-Mails und Updates.<\/p>\n\n\n\n<p>Wir m\u00f6chten die folgende Einverst\u00e4ndniserkl\u00e4rung einholen: Ich bin damit einverstanden, dass SeaBookings mir jeden Monat n\u00fctzliche Informationen \u00fcber die maritime Tourismusbranche per E-Mail zusendet. Sie k\u00f6nnen diese Zustimmung jederzeit bei SeaBookings widerrufen. Dazu m\u00fcssen Sie lediglich eine E-Mail an support@seabookings.com senden.<\/p>\n\n\n\n<h2 class=\"wp-block-heading\">13. \u00c4nderungen der Allgemeinen Gesch\u00e4ftsbedingungen<\/h2>\n\n\n\n<p>Wir behalten uns das Recht vor, diese Servicebedingungen jederzeit zu \u00e4ndern. Alle \u00c4nderungen werden auf unserer Website bekannt gegeben und treten 30 Tage nach ihrer Ver\u00f6ffentlichung in Kraft.<\/p>\n\n\n\n<h2 class=\"wp-block-heading\">14. Kontakt<\/h2>\n\n\n\n<p>Wenn Sie Fragen oder Bedenken zu diesen Nutzungsbedingungen oder zur Nutzung unseres Verzeichnisses haben, wenden Sie sich bitte an die auf unserer Website angegebenen Kontaktinformationen.<\/p>","protected":false},"excerpt":{"rendered":"<p>Last updated: November 2024 1. Introduction SeaBookings is an online directory of sea experiences and its providers. The terms \u201cwe\u201d, \u201cus\u201d, \u201cour\u201d and \u201cSeaBookings\u201d refer to SEABOOKINGS, UNIPESSOAL LDA, a Portuguese corporation. The term \u201cyou\u201d refers to the user visiting the Website. These Terms of Service (the \u201cAgreement\u201d), together with our Privacy Policy apply to [&hellip;]<\/p>\n","protected":false},"author":1,"featured_media":0,"parent":0,"menu_order":0,"comment_status":"closed","ping_status":"closed","template":"","meta":{"_acf_changed":false,"footnotes":""},"destination":[],"class_list":["post-497","page","type-page","status-publish","hentry"],"acf":[],"yoast_head":"<!-- This site is optimized with the Yoast SEO Premium plugin v27.3 (Yoast SEO v27.4) - https:\/\/yoast.com\/product\/yoast-seo-premium-wordpress\/ -->\n<title>Terms of Service - SeaBookings<\/title>\n<meta name=\"robots\" content=\"index, follow, max-snippet:-1, max-image-preview:large, max-video-preview:-1\" \/>\n<link rel=\"canonical\" href=\"https:\/\/www.seabookings.com\/de\/tos\/\" \/>\n<meta property=\"og:locale\" content=\"de_DE\" \/>\n<meta property=\"og:type\" content=\"article\" \/>\n<meta property=\"og:title\" content=\"Terms of Service\" \/>\n<meta property=\"og:description\" content=\"Last updated: November 2024 1. Introduction SeaBookings is an online directory of sea experiences and its providers. The terms \u201cwe\u201d, \u201cus\u201d, \u201cour\u201d and \u201cSeaBookings\u201d refer to SEABOOKINGS, UNIPESSOAL LDA, a Portuguese corporation. The term \u201cyou\u201d refers to the user visiting the Website. These Terms of Service (the \u201cAgreement\u201d), together with our Privacy Policy apply to [&hellip;]\" \/>\n<meta property=\"og:url\" content=\"https:\/\/www.seabookings.com\/de\/tos\/\" \/>\n<meta property=\"og:site_name\" content=\"SeaBookings\" \/>\n<meta property=\"article:publisher\" content=\"https:\/\/www.facebook.com\/seabookings\" \/>\n<meta property=\"article:modified_time\" content=\"2024-11-13T15:03:33+00:00\" \/>\n<meta property=\"og:image\" content=\"https:\/\/www.seabookings.com\/wp-content\/uploads\/2024\/11\/facebook_cover_720.webp\" \/>\n\t<meta property=\"og:image:width\" content=\"720\" \/>\n\t<meta property=\"og:image:height\" content=\"274\" \/>\n\t<meta property=\"og:image:type\" content=\"image\/webp\" \/>\n<meta name=\"twitter:card\" content=\"summary_large_image\" \/>\n<meta name=\"twitter:site\" content=\"@seabookings\" \/>\n<meta name=\"twitter:label1\" content=\"Est. reading time\" \/>\n\t<meta name=\"twitter:data1\" content=\"5 minutes\" \/>\n<script type=\"application\/ld+json\" class=\"yoast-schema-graph\">{\"@context\":\"https:\\\/\\\/schema.org\",\"@graph\":[{\"@type\":\"WebPage\",\"@id\":\"https:\\\/\\\/www.seabookings.com\\\/tos\\\/\",\"url\":\"https:\\\/\\\/www.seabookings.com\\\/tos\\\/\",\"name\":\"Terms of Service - SeaBookings\",\"isPartOf\":{\"@id\":\"https:\\\/\\\/www.seabookings.com\\\/de\\\/#website\"},\"datePublished\":\"2024-09-28T06:20:41+00:00\",\"dateModified\":\"2024-11-13T15:03:33+00:00\",\"breadcrumb\":{\"@id\":\"https:\\\/\\\/www.seabookings.com\\\/tos\\\/#breadcrumb\"},\"inLanguage\":\"de-DE\",\"potentialAction\":[{\"@type\":\"ReadAction\",\"target\":[\"https:\\\/\\\/www.seabookings.com\\\/tos\\\/\"]}]},{\"@type\":\"BreadcrumbList\",\"@id\":\"https:\\\/\\\/www.seabookings.com\\\/tos\\\/#breadcrumb\",\"itemListElement\":[{\"@type\":\"ListItem\",\"position\":1,\"name\":\"Home\",\"item\":\"https:\\\/\\\/www.seabookings.com\\\/nl\\\/\"},{\"@type\":\"ListItem\",\"position\":2,\"name\":\"Terms of Service\"}]},{\"@type\":\"WebSite\",\"@id\":\"https:\\\/\\\/www.seabookings.com\\\/de\\\/#website\",\"url\":\"https:\\\/\\\/www.seabookings.com\\\/de\\\/\",\"name\":\"SeaBookings\",\"description\":\"Watersports &amp; Boat tours\",\"publisher\":{\"@id\":\"https:\\\/\\\/www.seabookings.com\\\/de\\\/#organization\"},\"potentialAction\":[{\"@type\":\"SearchAction\",\"target\":{\"@type\":\"EntryPoint\",\"urlTemplate\":\"https:\\\/\\\/www.seabookings.com\\\/de\\\/?s={search_term_string}\"},\"query-input\":{\"@type\":\"PropertyValueSpecification\",\"valueRequired\":true,\"valueName\":\"search_term_string\"}}],\"inLanguage\":\"de-DE\"},{\"@type\":\"Organization\",\"@id\":\"https:\\\/\\\/www.seabookings.com\\\/de\\\/#organization\",\"name\":\"SeaBookings\",\"url\":\"https:\\\/\\\/www.seabookings.com\\\/de\\\/\",\"logo\":{\"@type\":\"ImageObject\",\"inLanguage\":\"de-DE\",\"@id\":\"https:\\\/\\\/www.seabookings.com\\\/de\\\/#\\\/schema\\\/logo\\\/image\\\/\",\"url\":\"https:\\\/\\\/www.seabookings.com\\\/wp-content\\\/uploads\\\/seabookings_logo.svg\",\"contentUrl\":\"https:\\\/\\\/www.seabookings.com\\\/wp-content\\\/uploads\\\/seabookings_logo.svg\",\"width\":252,\"height\":43,\"caption\":\"SeaBookings\"},\"image\":{\"@id\":\"https:\\\/\\\/www.seabookings.com\\\/de\\\/#\\\/schema\\\/logo\\\/image\\\/\"},\"sameAs\":[\"https:\\\/\\\/www.facebook.com\\\/seabookings\",\"https:\\\/\\\/x.com\\\/seabookings\",\"https:\\\/\\\/www.instagram.com\\\/seabookings\\\/\",\"https:\\\/\\\/www.tiktok.com\\\/@seabookings\"],\"description\":\"SeaBookings is a unique resource to discover & compare the best watersports and boat tours.\",\"email\":\"info@seabookings.com\",\"legalName\":\"Seabookings, LDA\",\"foundingDate\":\"2014-02-14\",\"vatID\":\"PT514063068\",\"numberOfEmployees\":{\"@type\":\"QuantitativeValue\",\"minValue\":\"1\",\"maxValue\":\"10\"}}]}<\/script>\n<!-- \/ Yoast SEO Premium plugin. -->","yoast_head_json":{"title":"Allgemeine Gesch\u00e4ftsbedingungen - SeaBookings","robots":{"index":"index","follow":"follow","max-snippet":"max-snippet:-1","max-image-preview":"max-image-preview:large","max-video-preview":"max-video-preview:-1"},"canonical":"https:\/\/www.seabookings.com\/de\/tos\/","og_locale":"de_DE","og_type":"article","og_title":"Terms of Service","og_description":"Last updated: November 2024 1. Introduction SeaBookings is an online directory of sea experiences and its providers. The terms \u201cwe\u201d, \u201cus\u201d, \u201cour\u201d and \u201cSeaBookings\u201d refer to SEABOOKINGS, UNIPESSOAL LDA, a Portuguese corporation. The term \u201cyou\u201d refers to the user visiting the Website. These Terms of Service (the \u201cAgreement\u201d), together with our Privacy Policy apply to [&hellip;]","og_url":"https:\/\/www.seabookings.com\/de\/tos\/","og_site_name":"SeaBookings","article_publisher":"https:\/\/www.facebook.com\/seabookings","article_modified_time":"2024-11-13T15:03:33+00:00","og_image":[{"width":720,"height":274,"url":"https:\/\/www.seabookings.com\/wp-content\/uploads\/2024\/11\/facebook_cover_720.webp","type":"image\/webp"}],"twitter_card":"summary_large_image","twitter_site":"@seabookings","twitter_misc":{"Est. reading time":"5 minutes"},"schema":{"@context":"https:\/\/schema.org","@graph":[{"@type":"WebPage","@id":"https:\/\/www.seabookings.com\/tos\/","url":"https:\/\/www.seabookings.com\/tos\/","name":"Allgemeine Gesch\u00e4ftsbedingungen - SeaBookings","isPartOf":{"@id":"https:\/\/www.seabookings.com\/de\/#website"},"datePublished":"2024-09-28T06:20:41+00:00","dateModified":"2024-11-13T15:03:33+00:00","breadcrumb":{"@id":"https:\/\/www.seabookings.com\/tos\/#breadcrumb"},"inLanguage":"de-DE","potentialAction":[{"@type":"ReadAction","target":["https:\/\/www.seabookings.com\/tos\/"]}]},{"@type":"BreadcrumbList","@id":"https:\/\/www.seabookings.com\/tos\/#breadcrumb","itemListElement":[{"@type":"ListItem","position":1,"name":"Home","item":"https:\/\/www.seabookings.com\/nl\/"},{"@type":"ListItem","position":2,"name":"Terms of Service"}]},{"@type":"WebSite","@id":"https:\/\/www.seabookings.com\/de\/#website","url":"https:\/\/www.seabookings.com\/de\/","name":"SeaBookings","description":"Wassersport &amp; Bootstouren","publisher":{"@id":"https:\/\/www.seabookings.com\/de\/#organization"},"potentialAction":[{"@type":"SearchAction","target":{"@type":"EntryPoint","urlTemplate":"https:\/\/www.seabookings.com\/de\/?s={search_term_string}"},"query-input":{"@type":"PropertyValueSpecification","valueRequired":true,"valueName":"search_term_string"}}],"inLanguage":"de-DE"},{"@type":"Organization","@id":"https:\/\/www.seabookings.com\/de\/#organization","name":"SeaBookings","url":"https:\/\/www.seabookings.com\/de\/","logo":{"@type":"ImageObject","inLanguage":"de-DE","@id":"https:\/\/www.seabookings.com\/de\/#\/schema\/logo\/image\/","url":"https:\/\/www.seabookings.com\/wp-content\/uploads\/seabookings_logo.svg","contentUrl":"https:\/\/www.seabookings.com\/wp-content\/uploads\/seabookings_logo.svg","width":252,"height":43,"caption":"SeaBookings"},"image":{"@id":"https:\/\/www.seabookings.com\/de\/#\/schema\/logo\/image\/"},"sameAs":["https:\/\/www.facebook.com\/seabookings","https:\/\/x.com\/seabookings","https:\/\/www.instagram.com\/seabookings\/","https:\/\/www.tiktok.com\/@seabookings"],"description":"SeaBookings ist eine einzigartige Ressource zum Entdecken und Vergleichen der besten Wassersportarten und Bootstouren.","email":"info@seabookings.com","legalName":"Seabookings, LDA","foundingDate":"2014-02-14","vatID":"PT514063068","numberOfEmployees":{"@type":"QuantitativeValue","minValue":"1","maxValue":"10"}}]}},"_links":{"self":[{"href":"https:\/\/www.seabookings.com\/de\/wp-json\/wp\/v2\/pages\/497","targetHints":{"allow":["GET"]}}],"collection":[{"href":"https:\/\/www.seabookings.com\/de\/wp-json\/wp\/v2\/pages"}],"about":[{"href":"https:\/\/www.seabookings.com\/de\/wp-json\/wp\/v2\/types\/page"}],"author":[{"embeddable":true,"href":"https:\/\/www.seabookings.com\/de\/wp-json\/wp\/v2\/users\/1"}],"replies":[{"embeddable":true,"href":"https:\/\/www.seabookings.com\/de\/wp-json\/wp\/v2\/comments?post=497"}],"version-history":[{"count":2,"href":"https:\/\/www.seabookings.com\/de\/wp-json\/wp\/v2\/pages\/497\/revisions"}],"predecessor-version":[{"id":61479,"href":"https:\/\/www.seabookings.com\/de\/wp-json\/wp\/v2\/pages\/497\/revisions\/61479"}],"wp:attachment":[{"href":"https:\/\/www.seabookings.com\/de\/wp-json\/wp\/v2\/media?parent=497"}],"wp:term":[{"taxonomy":"destination","embeddable":true,"href":"https:\/\/www.seabookings.com\/de\/wp-json\/wp\/v2\/destination?post=497"}],"curies":[{"name":"wp","href":"https:\/\/api.w.org\/{rel}","templated":true}]}}